{"id":2250,"date":"2018-06-13T11:43:09","date_gmt":"2018-06-13T11:43:09","guid":{"rendered":"https:\/\/arredo.select-themes.com\/?page_id=2250"},"modified":"2021-02-11T10:44:31","modified_gmt":"2021-02-11T09:44:31","slug":"stili","status":"publish","type":"page","link":"https:\/\/casaglam.eu\/it\/stili\/","title":{"rendered":"Stili"},"content":{"rendered":"<div class=\"wpb-content-wrapper\"><p>[vc_row disable_element=&#8221;yes&#8221; el_class=&#8221;custom-banner-home&#8221; css=&#8221;.vc_custom_1593439197039{margin-bottom: 50px !important;}&#8221;][vc_column][vc_row_inner equal_height=&#8221;yes&#8221; content_placement=&#8221;middle&#8221; content_text_aligment=&#8221;center&#8221; el_class=&#8221;altezza-50-vh&#8221;][vc_column_inner width=&#8221;1\/2&#8243; css=&#8221;.vc_custom_1593183213503{padding-top: 50px !important;padding-right: 50px !important;padding-bottom: 50px !important;padding-left: 50px !important;background-image: url(https:\/\/casaglam.eu\/wp-content\/uploads\/2020\/06\/roma-classic_cover.jpg?id=6254) !important;background-position: center !important;background-repeat: no-repeat !important;background-size: cover !important;}&#8221;][vc_column_text css=&#8221;.vc_custom_1593183480067{padding-right: 50px !important;padding-left: 50px !important;}&#8221;]<\/p>\n<h2 style=\"text-align: center;\">CLASSIC<\/h2>\n<h4 style=\"text-align: center;\">LO STILE OLTRE IL TEMPO<\/h4>\n<p style=\"text-align: center;\">Eterno, come eterna \u00e8 Roma, capitale d\u2019Italia. Intramontabile, come le pi\u00f9 nobili tradizioni della storia italiana, e con uno sguardo rivolto al contemporaneo e al presente, lo stile Classic ha un valore irrinunciabile: arricchisce con una bellezza al di l\u00e0 delle mode ogni ambiente, proponendo soluzioni raffinate e di assoluta qualit\u00e0.<\/p>\n<p>[\/vc_column_text]<a itemprop=\"url\" href=\"\/stili\/classic\/\" target=\"_self\" style=\"color: #ffffff\" class=\"qodef-btn qodef-btn-medium qodef-btn-solid qodef-btn-custom-hover-bg\" data-hover-bg-color=\"#fffdfc\" >\n    <span class=\"qodef-btn-text\">Vai agli arredamenti Classic<\/span>\n    <\/a>[\/vc_column_inner][vc_column_inner width=&#8221;1\/2&#8243; css=&#8221;.vc_custom_1593183421060{padding-top: 50px !important;padding-right: 50px !important;padding-bottom: 50px !important;padding-left: 50px !important;background-image: url(https:\/\/casaglam.eu\/wp-content\/uploads\/2020\/06\/toscana-country-chic_cover.jpg?id=6257) !important;background-position: center !important;background-repeat: no-repeat !important;background-size: cover !important;}&#8221;][vc_column_text css=&#8221;.vc_custom_1593183506039{padding-right: 50px !important;padding-left: 50px !important;}&#8221;]<\/p>\n<h2 style=\"text-align: center;\">COUNTRY-CHIC<\/h2>\n<h4 style=\"text-align: center;\">LA BELLEZZA CHE SFIDA IL TEMPO<\/h4>\n<p style=\"text-align: center;\">Prezioso come una bottiglia di vino Chianti, intenso come la bellezza delle colline toscane, Country Chic incarna uno stile in cui passato e presente, bellezza naturale e raffinatezza artigianale si fondono e uniscono in un equilibrio perfetto. Per uno stile universale, in grado di rendere la tua casa un ambiente sempre pronto ad accoglierti con tutto il calore dell\u2019autentica tradizione.<\/p>\n<p>[\/vc_column_text]<a itemprop=\"url\" href=\"\/stili\/country-chic\/\" target=\"_self\" style=\"color: #ffffff\" class=\"qodef-btn qodef-btn-medium qodef-btn-solid qodef-btn-custom-hover-bg\" data-hover-bg-color=\"#fffdfc\" >\n    <span class=\"qodef-btn-text\">Vai agli arredamenti Country Chic<\/span>\n    <\/a>[\/vc_column_inner][\/vc_row_inner][vc_row_inner equal_height=&#8221;yes&#8221; content_placement=&#8221;middle&#8221; content_text_aligment=&#8221;center&#8221; el_class=&#8221;altezza-50-vh&#8221;][vc_column_inner width=&#8221;1\/2&#8243; css=&#8221;.vc_custom_1593183270992{padding-top: 50px !important;padding-right: 50px !important;padding-bottom: 50px !important;padding-left: 50px !important;background-image: url(https:\/\/casaglam.eu\/wp-content\/uploads\/2020\/06\/milano-conteporary_cover.jpg?id=6251) !important;}&#8221;][vc_column_text css=&#8221;.vc_custom_1593183676930{padding-right: 50px !important;padding-left: 50px !important;}&#8221;]<\/p>\n<h2 style=\"text-align: center;\">CONTEMPORARY<\/h2>\n<h4 style=\"text-align: center;\">LO SPIRITO TRENDY E DI DESIGN<\/h4>\n<p style=\"text-align: center;\">Milano \u00e8 la citt\u00e0 della moda e del design, una citt\u00e0 che \u00e8 un incrocio, un melting pot d\u2019avanguardia e bellezza. Milano \u00e8 lo spirito contemporaneo dell\u2019Italia. Casaglam offre ai propri clienti uno stile ispirato alla citt\u00e0 che rispecchia nei suoi Navigli tutta l\u2019innovazione e la ricerca progettuale dell\u2019eccellenza del Made in Italy. Grazie alla contaminazione di forme diverse e materiali inusuali \u00e8 lo stile adatto per creare un ambiente inimitabile che sorprender\u00e0 ogni visitatore.<\/p>\n<p>[\/vc_column_text]<a itemprop=\"url\" href=\"\/stili\/contemporary\/\" target=\"_self\" style=\"color: #ffffff\" class=\"qodef-btn qodef-btn-medium qodef-btn-solid qodef-btn-custom-hover-bg\" data-hover-bg-color=\"#fffdfc\" >\n    <span class=\"qodef-btn-text\">Vai agli arredamenti Contemporary<\/span>\n    <\/a>[\/vc_column_inner][vc_column_inner width=&#8221;1\/2&#8243; css=&#8221;.vc_custom_1593183294668{padding-top: 50px !important;padding-right: 50px !important;padding-bottom: 50px !important;padding-left: 50px !important;background-image: url(https:\/\/casaglam.eu\/wp-content\/uploads\/2020\/06\/venezia-luxury_cover.jpg?id=6260) !important;background-position: center !important;background-repeat: no-repeat !important;background-size: cover !important;}&#8221;][vc_column_text css=&#8221;.vc_custom_1593183697743{padding-right: 50px !important;padding-left: 50px !important;}&#8221;]<\/p>\n<h2 style=\"text-align: center;\">LUXURY<\/h2>\n<h4 style=\"text-align: center;\">L&#8217;ATMOSFERA ESCLUSIVA<\/h4>\n<p style=\"text-align: center;\">Prezioso come il vetro lavorato dai maestri artigiani di Murano, raffinato ed elegante come i preziosi vestiti dei Dogi che attraversano Venezia durante il carnevale, lo stile Luxury rappresenta la combinazione perfetta di lusso contemporaneo e passione per i valori e la tradizione che durano nel tempo. Esclusivit\u00e0 e funzionalit\u00e0 modellano gli spazi affinch\u00e9 l\u2019emozione colpisca ed affascini il cliente giorno dopo giorno.<\/p>\n<p>[\/vc_column_text]<a itemprop=\"url\" href=\"\/stili\/luxury\/\" target=\"_self\" style=\"color: #ffffff\" class=\"qodef-btn qodef-btn-medium qodef-btn-solid qodef-btn-custom-hover-bg\" data-hover-bg-color=\"#fffdfc\" >\n    <span class=\"qodef-btn-text\">Vai agli arredamenti Luxury<\/span>\n    <\/a>[\/vc_column_inner][\/vc_row_inner][\/vc_column][\/vc_row][vc_row el_class=&#8221;custom-banner-home&#8221; css=&#8221;.vc_custom_1593441445509{margin-bottom: 50px !important;}&#8221;][vc_column][vc_row_inner equal_height=&#8221;yes&#8221; content_placement=&#8221;middle&#8221; content_text_aligment=&#8221;center&#8221;][vc_column_inner width=&#8221;1\/2&#8243; css=&#8221;.vc_custom_1595409169195{padding-top: 50px !important;padding-right: 50px !important;padding-bottom: 50px !important;padding-left: 50px !important;background-image: url(https:\/\/casaglam.eu\/wp-content\/uploads\/2020\/07\/stile-classic-casaglam.jpg?id=7781) !important;background-position: center !important;background-repeat: no-repeat !important;background-size: cover !important;}&#8221;][\/vc_column_inner][vc_column_inner width=&#8221;1\/2&#8243; css=&#8221;.vc_custom_1593441475818{padding-top: 50px !important;padding-right: 50px !important;padding-bottom: 50px !important;padding-left: 50px !important;background-position: center !important;background-repeat: no-repeat !important;background-size: cover !important;}&#8221;][vc_column_text css=&#8221;.vc_custom_1593183480067{padding-right: 50px !important;padding-left: 50px !important;}&#8221;]<\/p>\n<h2 style=\"text-align: center;\">CLASSIC<\/h2>\n<h4 style=\"text-align: center;\">LO STILE OLTRE IL TEMPO<\/h4>\n<p style=\"text-align: center;\">Eterno, come eterna \u00e8 Roma, capitale d\u2019Italia. Intramontabile, come le pi\u00f9 nobili tradizioni della storia italiana, e con uno sguardo rivolto al contemporaneo e al presente, lo stile Classic ha un valore irrinunciabile: arricchisce con una bellezza al di l\u00e0 delle mode ogni ambiente, proponendo soluzioni raffinate e di assoluta qualit\u00e0.<\/p>\n<p>[\/vc_column_text]<a itemprop=\"url\" href=\"\/stili\/classic\/\" target=\"_self\" style=\"color: #ffffff\" class=\"qodef-btn qodef-btn-medium qodef-btn-solid qodef-btn-custom-hover-bg\" data-hover-bg-color=\"#fffdfc\" >\n    <span class=\"qodef-btn-text\">Vai agli arredamenti Classic<\/span>\n    <\/a>[\/vc_column_inner][\/vc_row_inner][vc_row_inner equal_height=&#8221;yes&#8221; content_placement=&#8221;middle&#8221; content_text_aligment=&#8221;center&#8221;][vc_column_inner width=&#8221;1\/2&#8243; css=&#8221;.vc_custom_1593441499582{padding-top: 50px !important;padding-right: 50px !important;padding-bottom: 50px !important;padding-left: 50px !important;background-position: center !important;background-repeat: no-repeat !important;background-size: cover !important;}&#8221;][vc_column_text css=&#8221;.vc_custom_1593183506039{padding-right: 50px !important;padding-left: 50px !important;}&#8221;]<\/p>\n<h2 style=\"text-align: center;\">COUNTRY-CHIC<\/h2>\n<h4 style=\"text-align: center;\">LA BELLEZZA CHE SFIDA IL TEMPO<\/h4>\n<p style=\"text-align: center;\">Prezioso come una bottiglia di vino Chianti, intenso come la bellezza delle colline toscane, Country Chic incarna uno stile in cui passato e presente, bellezza naturale e raffinatezza artigianale si fondono e uniscono in un equilibrio perfetto. Per uno stile universale, in grado di rendere la tua casa un ambiente sempre pronto ad accoglierti con tutto il calore dell\u2019autentica tradizione.<\/p>\n<p>[\/vc_column_text]<a itemprop=\"url\" href=\"\/stili\/country-chic\/\" target=\"_self\" style=\"color: #ffffff\" class=\"qodef-btn qodef-btn-medium qodef-btn-solid qodef-btn-custom-hover-bg\" data-hover-bg-color=\"#fffdfc\" >\n    <span class=\"qodef-btn-text\">Vai agli arredamenti Country Chic<\/span>\n    <\/a>[\/vc_column_inner][vc_column_inner width=&#8221;1\/2&#8243; css=&#8221;.vc_custom_1595409193887{padding-top: 50px !important;padding-right: 50px !important;padding-bottom: 50px !important;padding-left: 50px !important;background-image: url(https:\/\/casaglam.eu\/wp-content\/uploads\/2020\/07\/stile-country-chic-casaglam.jpg?id=7787) !important;background-position: center !important;background-repeat: no-repeat !important;background-size: cover !important;}&#8221;][\/vc_column_inner][\/vc_row_inner][vc_row_inner equal_height=&#8221;yes&#8221; content_placement=&#8221;middle&#8221; content_text_aligment=&#8221;center&#8221;][vc_column_inner width=&#8221;1\/2&#8243; css=&#8221;.vc_custom_1595409206906{padding-top: 50px !important;padding-right: 50px !important;padding-bottom: 50px !important;padding-left: 50px !important;background-image: url(https:\/\/casaglam.eu\/wp-content\/uploads\/2020\/07\/stile-contemporary-casaglam.jpg?id=7784) !important;background-position: center !important;background-repeat: no-repeat !important;background-size: cover !important;}&#8221;][\/vc_column_inner][vc_column_inner width=&#8221;1\/2&#8243; css=&#8221;.vc_custom_1593441547539{padding-top: 50px !important;padding-right: 50px !important;padding-bottom: 50px !important;padding-left: 50px !important;background-position: center !important;background-repeat: no-repeat !important;background-size: cover !important;}&#8221;][vc_column_text css=&#8221;.vc_custom_1593183676930{padding-right: 50px !important;padding-left: 50px !important;}&#8221;]<\/p>\n<h2 style=\"text-align: center;\">CONTEMPORARY<\/h2>\n<h4 style=\"text-align: center;\">LO SPIRITO TRENDY E DI DESIGN<\/h4>\n<p style=\"text-align: center;\">Milano \u00e8 la citt\u00e0 della moda e del design, una citt\u00e0 che \u00e8 un incrocio, un melting pot d\u2019avanguardia e bellezza. Milano \u00e8 lo spirito contemporaneo dell\u2019Italia. Casaglam offre ai propri clienti uno stile ispirato alla citt\u00e0 che rispecchia nei suoi Navigli tutta l\u2019innovazione e la ricerca progettuale dell\u2019eccellenza del Made in Italy. Grazie alla contaminazione di forme diverse e materiali inusuali \u00e8 lo stile adatto per creare un ambiente inimitabile che sorprender\u00e0 ogni visitatore.<\/p>\n<p>[\/vc_column_text]<a itemprop=\"url\" href=\"\/stili\/contemporary\/\" target=\"_self\" style=\"color: #ffffff\" class=\"qodef-btn qodef-btn-medium qodef-btn-solid qodef-btn-custom-hover-bg\" data-hover-bg-color=\"#fffdfc\" >\n    <span class=\"qodef-btn-text\">Vai agli arredamenti Contemporary<\/span>\n    <\/a>[\/vc_column_inner][\/vc_row_inner][vc_row_inner equal_height=&#8221;yes&#8221; content_placement=&#8221;middle&#8221; content_text_aligment=&#8221;center&#8221;][vc_column_inner width=&#8221;1\/2&#8243; css=&#8221;.vc_custom_1593441562713{padding-top: 50px !important;padding-right: 50px !important;padding-bottom: 50px !important;padding-left: 50px !important;}&#8221;][vc_column_text css=&#8221;.vc_custom_1593183697743{padding-right: 50px !important;padding-left: 50px !important;}&#8221;]<\/p>\n<h2 style=\"text-align: center;\">LUXURY<\/h2>\n<h4 style=\"text-align: center;\">L&#8217;ATMOSFERA ESCLUSIVA<\/h4>\n<p style=\"text-align: center;\">Prezioso come il vetro lavorato dai maestri artigiani di Murano, raffinato ed elegante come i preziosi vestiti dei Dogi che attraversano Venezia durante il carnevale, lo stile Luxury rappresenta la combinazione perfetta di lusso contemporaneo e passione per i valori e la tradizione che durano nel tempo. Esclusivit\u00e0 e funzionalit\u00e0 modellano gli spazi affinch\u00e9 l\u2019emozione colpisca ed affascini il cliente giorno dopo giorno.<\/p>\n<p>[\/vc_column_text]<a itemprop=\"url\" href=\"\/stili\/luxury\/\" target=\"_self\" style=\"color: #ffffff\" class=\"qodef-btn qodef-btn-medium qodef-btn-solid qodef-btn-custom-hover-bg\" data-hover-bg-color=\"#fffdfc\" >\n    <span class=\"qodef-btn-text\">Vai agli arredamenti Luxury<\/span>\n    <\/a>[\/vc_column_inner][vc_column_inner width=&#8221;1\/2&#8243; css=&#8221;.vc_custom_1595409220261{padding-top: 50px !important;padding-right: 50px !important;padding-bottom: 50px !important;padding-left: 50px !important;background-image: url(https:\/\/casaglam.eu\/wp-content\/uploads\/2020\/07\/stile-luxury-casaglam.jpg?id=7790) !important;background-position: center !important;background-repeat: no-repeat !important;background-size: cover !important;}&#8221;][\/vc_column_inner][\/vc_row_inner][\/vc_column][\/vc_row]<\/p>\n<\/div>","protected":false},"excerpt":{"rendered":"<p>[vc_row disable_element=&#8221;yes&#8221; el_class=&#8221;custom-banner-home&#8221; css=&#8221;.vc_custom_1593439197039{margin-bottom: 50px !important;}&#8221;][vc_column][vc_row_inner equal_height=&#8221;yes&#8221; content_placement=&#8221;middle&#8221; content_text_aligment=&#8221;center&#8221; el_class=&#8221;altezza-50-vh&#8221;][vc_column_inner width=&#8221;1\/2&#8243; css=&#8221;.vc_custom_1593183213503{padding-top: 50px !important;padding-right: 50px !important;padding-bottom: 50px !important;padding-left: 50px !important;background-image: [&hellip;]<\/p>\n","protected":false},"author":184,"featured_media":7787,"parent":0,"menu_order":0,"comment_status":"closed","ping_status":"closed","template":"page-homepage.php","meta":{"_acf_changed":false,"footnotes":""},"class_list":["post-2250","page","type-page","status-publish","has-post-thumbnail","hentry"],"acf":[],"yoast_head":"<!-- This site is optimized with the Yoast SEO plugin v27.1.1 - https:\/\/yoast.com\/product\/yoast-seo-wordpress\/ -->\n<title>Tanti brand di arredamento per stili diversi e personali da Casaglam, Udine<\/title>\n<meta name=\"description\" content=\"Da Fendi a Provasi, da Smania a Silvano Grifoni e tanti altri brand di arredamento che puoi trovare da Casaglam a Tricesimo (Udine)\" \/>\n<meta name=\"robots\" content=\"index, follow, max-snippet:-1, max-image-preview:large, max-video-preview:-1\" \/>\n<link rel=\"canonical\" href=\"https:\/\/casaglam.eu\/stili\/\" \/>\n<meta property=\"og:locale\" content=\"it_IT\" \/>\n<meta property=\"og:type\" content=\"article\" \/>\n<meta property=\"og:title\" content=\"Tanti brand di arredamento per stili diversi e personali da Casaglam, Udine\" \/>\n<meta property=\"og:description\" content=\"Da Fendi a Provasi, da Smania a Silvano Grifoni e tanti altri brand di arredamento che puoi trovare da Casaglam a Tricesimo (Udine)\" \/>\n<meta property=\"og:url\" content=\"https:\/\/casaglam.eu\/stili\/\" \/>\n<meta property=\"og:site_name\" content=\"Casaglam\" \/>\n<meta property=\"article:modified_time\" content=\"2021-02-11T09:44:31+00:00\" \/>\n<meta property=\"og:image\" content=\"https:\/\/casaglam.eu\/wp-content\/uploads\/2020\/07\/stile-country-chic-casaglam.jpg\" \/>\n\t<meta property=\"og:image:width\" content=\"1200\" \/>\n\t<meta property=\"og:image:height\" content=\"800\" \/>\n\t<meta property=\"og:image:type\" content=\"image\/jpeg\" \/>\n<meta name=\"twitter:card\" content=\"summary_large_image\" \/>\n<meta name=\"twitter:label1\" content=\"Tempo di lettura stimato\" \/>\n\t<meta name=\"twitter:data1\" content=\"7 minuti\" \/>\n<script type=\"application\/ld+json\" class=\"yoast-schema-graph\">{\"@context\":\"https:\/\/schema.org\",\"@graph\":[{\"@type\":\"WebPage\",\"@id\":\"https:\/\/casaglam.eu\/stili\/\",\"url\":\"https:\/\/casaglam.eu\/stili\/\",\"name\":\"Tanti brand di arredamento per stili diversi e personali da Casaglam, Udine\",\"isPartOf\":{\"@id\":\"https:\/\/casaglam.eu\/#website\"},\"primaryImageOfPage\":{\"@id\":\"https:\/\/casaglam.eu\/stili\/#primaryimage\"},\"image\":{\"@id\":\"https:\/\/casaglam.eu\/stili\/#primaryimage\"},\"thumbnailUrl\":\"https:\/\/casaglam.eu\/wp-content\/uploads\/2020\/07\/stile-country-chic-casaglam.jpg\",\"datePublished\":\"2018-06-13T11:43:09+00:00\",\"dateModified\":\"2021-02-11T09:44:31+00:00\",\"description\":\"Da Fendi a Provasi, da Smania a Silvano Grifoni e tanti altri brand di arredamento che puoi trovare da Casaglam a Tricesimo (Udine)\",\"breadcrumb\":{\"@id\":\"https:\/\/casaglam.eu\/stili\/#breadcrumb\"},\"inLanguage\":\"it-IT\",\"potentialAction\":[{\"@type\":\"ReadAction\",\"target\":[\"https:\/\/casaglam.eu\/stili\/\"]}]},{\"@type\":\"ImageObject\",\"inLanguage\":\"it-IT\",\"@id\":\"https:\/\/casaglam.eu\/stili\/#primaryimage\",\"url\":\"https:\/\/casaglam.eu\/wp-content\/uploads\/2020\/07\/stile-country-chic-casaglam.jpg\",\"contentUrl\":\"https:\/\/casaglam.eu\/wp-content\/uploads\/2020\/07\/stile-country-chic-casaglam.jpg\",\"width\":1200,\"height\":800},{\"@type\":\"BreadcrumbList\",\"@id\":\"https:\/\/casaglam.eu\/stili\/#breadcrumb\",\"itemListElement\":[{\"@type\":\"ListItem\",\"position\":1,\"name\":\"Home\",\"item\":\"https:\/\/casaglam.eu\/it\/\"},{\"@type\":\"ListItem\",\"position\":2,\"name\":\"Stili\"}]},{\"@type\":\"WebSite\",\"@id\":\"https:\/\/casaglam.eu\/#website\",\"url\":\"https:\/\/casaglam.eu\/\",\"name\":\"Casaglam\",\"description\":\"\",\"potentialAction\":[{\"@type\":\"SearchAction\",\"target\":{\"@type\":\"EntryPoint\",\"urlTemplate\":\"https:\/\/casaglam.eu\/?s={search_term_string}\"},\"query-input\":{\"@type\":\"PropertyValueSpecification\",\"valueRequired\":true,\"valueName\":\"search_term_string\"}}],\"inLanguage\":\"it-IT\"}]}<\/script>\n<!-- \/ Yoast SEO plugin. -->","yoast_head_json":{"title":"Tanti brand di arredamento per stili diversi e personali da Casaglam, Udine","description":"Da Fendi a Provasi, da Smania a Silvano Grifoni e tanti altri brand di arredamento che puoi trovare da Casaglam a Tricesimo (Udine)","robots":{"index":"index","follow":"follow","max-snippet":"max-snippet:-1","max-image-preview":"max-image-preview:large","max-video-preview":"max-video-preview:-1"},"canonical":"https:\/\/casaglam.eu\/stili\/","og_locale":"it_IT","og_type":"article","og_title":"Tanti brand di arredamento per stili diversi e personali da Casaglam, Udine","og_description":"Da Fendi a Provasi, da Smania a Silvano Grifoni e tanti altri brand di arredamento che puoi trovare da Casaglam a Tricesimo (Udine)","og_url":"https:\/\/casaglam.eu\/stili\/","og_site_name":"Casaglam","article_modified_time":"2021-02-11T09:44:31+00:00","og_image":[{"width":1200,"height":800,"url":"https:\/\/casaglam.eu\/wp-content\/uploads\/2020\/07\/stile-country-chic-casaglam.jpg","type":"image\/jpeg"}],"twitter_card":"summary_large_image","twitter_misc":{"Tempo di lettura stimato":"7 minuti"},"schema":{"@context":"https:\/\/schema.org","@graph":[{"@type":"WebPage","@id":"https:\/\/casaglam.eu\/stili\/","url":"https:\/\/casaglam.eu\/stili\/","name":"Tanti brand di arredamento per stili diversi e personali da Casaglam, Udine","isPartOf":{"@id":"https:\/\/casaglam.eu\/#website"},"primaryImageOfPage":{"@id":"https:\/\/casaglam.eu\/stili\/#primaryimage"},"image":{"@id":"https:\/\/casaglam.eu\/stili\/#primaryimage"},"thumbnailUrl":"https:\/\/casaglam.eu\/wp-content\/uploads\/2020\/07\/stile-country-chic-casaglam.jpg","datePublished":"2018-06-13T11:43:09+00:00","dateModified":"2021-02-11T09:44:31+00:00","description":"Da Fendi a Provasi, da Smania a Silvano Grifoni e tanti altri brand di arredamento che puoi trovare da Casaglam a Tricesimo (Udine)","breadcrumb":{"@id":"https:\/\/casaglam.eu\/stili\/#breadcrumb"},"inLanguage":"it-IT","potentialAction":[{"@type":"ReadAction","target":["https:\/\/casaglam.eu\/stili\/"]}]},{"@type":"ImageObject","inLanguage":"it-IT","@id":"https:\/\/casaglam.eu\/stili\/#primaryimage","url":"https:\/\/casaglam.eu\/wp-content\/uploads\/2020\/07\/stile-country-chic-casaglam.jpg","contentUrl":"https:\/\/casaglam.eu\/wp-content\/uploads\/2020\/07\/stile-country-chic-casaglam.jpg","width":1200,"height":800},{"@type":"BreadcrumbList","@id":"https:\/\/casaglam.eu\/stili\/#breadcrumb","itemListElement":[{"@type":"ListItem","position":1,"name":"Home","item":"https:\/\/casaglam.eu\/it\/"},{"@type":"ListItem","position":2,"name":"Stili"}]},{"@type":"WebSite","@id":"https:\/\/casaglam.eu\/#website","url":"https:\/\/casaglam.eu\/","name":"Casaglam","description":"","potentialAction":[{"@type":"SearchAction","target":{"@type":"EntryPoint","urlTemplate":"https:\/\/casaglam.eu\/?s={search_term_string}"},"query-input":{"@type":"PropertyValueSpecification","valueRequired":true,"valueName":"search_term_string"}}],"inLanguage":"it-IT"}]}},"_links":{"self":[{"href":"https:\/\/casaglam.eu\/it\/wp-json\/wp\/v2\/pages\/2250","targetHints":{"allow":["GET"]}}],"collection":[{"href":"https:\/\/casaglam.eu\/it\/wp-json\/wp\/v2\/pages"}],"about":[{"href":"https:\/\/casaglam.eu\/it\/wp-json\/wp\/v2\/types\/page"}],"author":[{"embeddable":true,"href":"https:\/\/casaglam.eu\/it\/wp-json\/wp\/v2\/users\/184"}],"replies":[{"embeddable":true,"href":"https:\/\/casaglam.eu\/it\/wp-json\/wp\/v2\/comments?post=2250"}],"version-history":[{"count":62,"href":"https:\/\/casaglam.eu\/it\/wp-json\/wp\/v2\/pages\/2250\/revisions"}],"predecessor-version":[{"id":13646,"href":"https:\/\/casaglam.eu\/it\/wp-json\/wp\/v2\/pages\/2250\/revisions\/13646"}],"wp:featuredmedia":[{"embeddable":true,"href":"https:\/\/casaglam.eu\/it\/wp-json\/wp\/v2\/media\/7787"}],"wp:attachment":[{"href":"https:\/\/casaglam.eu\/it\/wp-json\/wp\/v2\/media?parent=2250"}],"curies":[{"name":"wp","href":"https:\/\/api.w.org\/{rel}","templated":true}]}}