{"id":520,"date":"2018-05-17T10:56:06","date_gmt":"2018-05-17T08:56:06","guid":{"rendered":"https:\/\/arredo.select-themes.com\/?page_id=520"},"modified":"2025-10-28T14:33:45","modified_gmt":"2025-10-28T13:33:45","slug":"chi-siamo","status":"publish","type":"page","link":"https:\/\/casaglam.eu\/it\/chi-siamo\/","title":{"rendered":"Chi siamo"},"content":{"rendered":"<div class=\"wpb-content-wrapper\"><p>[vc_row content_placement=&#8221;middle&#8221; content_text_aligment=&#8221;center&#8221; el_class=&#8221;p-r-50 p-l-50&#8243;][vc_column][vc_single_image image=&#8221;16518&#8243; img_size=&#8221;full&#8221; alignment=&#8221;center&#8221; el_class=&#8221;immagine-full-width&#8221;][\/vc_column][\/vc_row][vc_row row_content_width=&#8221;grid&#8221; el_class=&#8221;p-t-100 p-b-100&#8243;][vc_column][vc_column_text]<\/p>\n<h2>Casaglam crea e sviluppa non solo design d\u2019interni ma emozioni e stili di vita.<\/h2>\n<p>Da sempre garanzia di stile e di unicit\u00e0, Casaglam firma i progetti dei clienti pi\u00f9 raffinati in Italia e all\u2019estero aiutandoli a scegliere lo stile pi\u00f9 adatto alla propria personalit\u00e0 e alle proprie esigenze all\u2019interno di un mercato internazionale in continua evoluzione.<br \/>\nCasaglam \u00e8 progettazione di soluzioni personalizzate per ambienti privati e pubblici, ma anche fornitura di arredo e posa in opera. Per ognuna di queste fasi si avvale dell\u2019aiuto di uno staff composto da professionisti in possesso di competenze e capacit\u00e0 d\u2019eccellenza. Il cliente sar\u00e0 cos\u00ec accompagnato e seguito attraverso un percorso in grado di creare ambienti e spazi abitativi a misura dei suoi desideri.[\/vc_column_text][\/vc_column][\/vc_row][vc_row content_placement=&#8221;middle&#8221; disable_element=&#8221;yes&#8221; content_text_aligment=&#8221;center&#8221; el_class=&#8221;p-l-50 p-r-50&#8243;][vc_column]<div class=\"qodef-image-gallery  qodef-ig-carousel-type qodef-three-columns qodef-no-space  \">\n\t<div class=\"qodef-ig-slider qodef-owl-slider\" data-number-of-items=\"4\" data-enable-loop=\"yes\" data-enable-autoplay=\"yes\" data-slider-speed=\"5000\" data-slider-speed-animation=\"600\" data-slider-padding=\"no\" data-enable-navigation=\"no\" data-enable-pagination=\"no\">\n\t\t\t\t\t<div class=\"qodef-ig-image\">\n\t\t\t\t\t\t\t\t\t<img loading=\"lazy\" decoding=\"async\" src=\"\" alt=\"\" width=\"450\" height=\"300\" \/>\t\t\t\t\t\t\t<\/div>\n\t\t\t\t\t<div class=\"qodef-ig-image\">\n\t\t\t\t\t\t\t\t\t<img loading=\"lazy\" decoding=\"async\" src=\"\" alt=\"\" width=\"450\" height=\"300\" \/>\t\t\t\t\t\t\t<\/div>\n\t\t\t\t\t<div class=\"qodef-ig-image\">\n\t\t\t\t\t\t\t\t\t<img loading=\"lazy\" decoding=\"async\" src=\"\" alt=\"\" width=\"450\" height=\"300\" \/>\t\t\t\t\t\t\t<\/div>\n\t\t\t\t\t<div class=\"qodef-ig-image\">\n\t\t\t\t\t\t\t\t\t<img loading=\"lazy\" decoding=\"async\" src=\"\" alt=\"\" width=\"450\" height=\"300\" \/>\t\t\t\t\t\t\t<\/div>\n\t\t\t<\/div>\n<\/div>[\/vc_column][\/vc_row][vc_row equal_height=&#8221;yes&#8221; content_placement=&#8221;top&#8221; row_content_width=&#8221;grid&#8221; el_class=&#8221;due-colonne p-t-100 p-b-100&#8243;][vc_column][vc_column_text]<\/p>\n<h2 class=\"titolo_sezione\">La casa ci racconta, dice chi siamo.<\/h2>\n<div>Da Casaglam il cliente \u00e8 sempre al centro dell\u2019attenzione: bisogna comprendere le sue abitudini, i suoi sogni, le sue esigenze, i suoi gusti per fare in modo che da ogni progetto nascano spazi da vivere, spazi e atmosfere uguali solo ai desideri di chi li ha immaginati e scelti. L&#8217;obiettivo \u00e8 dare forma alle emozioni del cliente, creando un ambiente in cui sar\u00e0 riconoscibile la sua identit\u00e0.<\/div>\n<p>[\/vc_column_text][\/vc_column][\/vc_row][vc_row content_placement=&#8221;middle&#8221; disable_element=&#8221;yes&#8221; content_text_aligment=&#8221;center&#8221; el_class=&#8221;p-l-50 p-r-50&#8243;][vc_column]<div class=\"qodef-image-gallery  qodef-ig-carousel-type qodef-three-columns qodef-no-space  \">\n\t<div class=\"qodef-ig-slider qodef-owl-slider\" data-number-of-items=\"4\" data-enable-loop=\"yes\" data-enable-autoplay=\"yes\" data-slider-speed=\"5000\" data-slider-speed-animation=\"600\" data-slider-padding=\"no\" data-enable-navigation=\"no\" data-enable-pagination=\"no\">\n\t\t\t\t\t<div class=\"qodef-ig-image\">\n\t\t\t\t\t\t\t\t\t<img loading=\"lazy\" decoding=\"async\" src=\"\" alt=\"\" width=\"450\" height=\"300\" \/>\t\t\t\t\t\t\t<\/div>\n\t\t\t\t\t<div class=\"qodef-ig-image\">\n\t\t\t\t\t\t\t\t\t<img loading=\"lazy\" decoding=\"async\" src=\"\" alt=\"\" width=\"450\" height=\"300\" \/>\t\t\t\t\t\t\t<\/div>\n\t\t\t\t\t<div class=\"qodef-ig-image\">\n\t\t\t\t\t\t\t\t\t<img loading=\"lazy\" decoding=\"async\" src=\"\" alt=\"\" width=\"450\" height=\"300\" \/>\t\t\t\t\t\t\t<\/div>\n\t\t\t\t\t<div class=\"qodef-ig-image\">\n\t\t\t\t\t\t\t\t\t<img loading=\"lazy\" decoding=\"async\" src=\"\" alt=\"\" width=\"450\" height=\"300\" \/>\t\t\t\t\t\t\t<\/div>\n\t\t\t<\/div>\n<\/div>[\/vc_column][\/vc_row][vc_row equal_height=&#8221;yes&#8221; content_placement=&#8221;top&#8221; row_content_width=&#8221;grid&#8221; el_class=&#8221;due-colonne p-t-100 p-b-100&#8243;][vc_column][vc_column_text]<\/p>\n<h2>La passione al lavoro<br \/>\nIl nostro team<\/h2>\n<p class=\"titolo_sezione\">Fondamentale il ruolo del team di progettisti che devono mediare tra le esigenze del cliente e la realizzazione di uno spazio personalizzato, esteticamente bello, unico e funzionale. Grazie a loro le idee diventano concrete e i desideri del cliente prendono forma.<br \/>\nPer soddisfare completamente i propri clienti, Casaglam investe continuamente nella crescita delle sue risorse umane: Casaglam fonda i propri tratti distintivi sul talento delle persone che la animano, sulle loro capacit\u00e0 di agire insieme, sull\u2019ambiente di lavoro creativo e stimolante che riescono a produrre.<\/p>\n<p>[\/vc_column_text][\/vc_column][\/vc_row][vc_row full_width=&#8221;stretch_row_content_no_spaces&#8221; content_placement=&#8221;middle&#8221; content_text_aligment=&#8221;center&#8221; el_class=&#8221;p-l-50 p-r-50&#8243;][vc_column][vc_single_image image=&#8221;3003&#8243; img_size=&#8221;full&#8221; alignment=&#8221;center&#8221; el_class=&#8221;immagine-full-width&#8221;][\/vc_column][\/vc_row][vc_row equal_height=&#8221;yes&#8221; content_placement=&#8221;top&#8221; row_content_width=&#8221;grid&#8221; el_class=&#8221;due-colonne p-t-100 p-b-100&#8243;][vc_column]\n<div class=\"wpcf7 no-js\" id=\"wpcf7-f2666-o1\" lang=\"it-IT\" dir=\"ltr\" data-wpcf7-id=\"2666\">\n<div class=\"screen-reader-response\"><p role=\"status\" aria-live=\"polite\" aria-atomic=\"true\"><\/p> <ul><\/ul><\/div>\n<form action=\"\/it\/wp-json\/wp\/v2\/pages\/520#wpcf7-f2666-o1\" method=\"post\" class=\"wpcf7-form init\" aria-label=\"Modulo di contatto\" novalidate=\"novalidate\" data-status=\"init\">\n<fieldset class=\"hidden-fields-container\"><input type=\"hidden\" name=\"_wpcf7\" value=\"2666\" \/><input type=\"hidden\" name=\"_wpcf7_version\" value=\"6.1.5\" \/><input type=\"hidden\" name=\"_wpcf7_locale\" value=\"it_IT\" \/><input type=\"hidden\" name=\"_wpcf7_unit_tag\" value=\"wpcf7-f2666-o1\" \/><input type=\"hidden\" name=\"_wpcf7_container_post\" value=\"0\" \/><input type=\"hidden\" name=\"_wpcf7_posted_data_hash\" value=\"\" \/><input type=\"hidden\" name=\"_wpcf7dtx_version\" value=\"5.0.5\" \/><input type=\"hidden\" name=\"_wpcf7_recaptcha_response\" value=\"\" \/>\n<\/fieldset>\n<div class=\"qodef-contact-form-1\">\n\t<div class=\"qodef-grid-row\">\n\t\t<div class=\"qodef-grid-col-12\">\n\t\t\t<p>Per richiedere maggiori informazioni scrivici una mail a <a href=\"mailto:info@casaglam.eu\">info@casaglam.eu<\/a>, chiamaci al numero <a href=\"tel:+39 0432 853270\">+39 0432 853270<\/a> o compila il seguente \"Modulo di contatto\" con i tuoi dati e clicca su \"Invia\"\n\t\t\t<\/p>\n\t\t<\/div>\n\t<\/div>\n\t<div class=\"qodef-grid-row\">\n\t\t<h3>Modulo di contatto\n\t\t<\/h3>\n\t<\/div>\n\t<div class=\"qodef-grid-row\">\n\t\t<div class=\"qodef-grid-col-6\">\n\t\t\t<p><span class=\"wpcf7-form-control-wrap\" data-name=\"your-name\"><input size=\"40\" maxlength=\"400\" class=\"wpcf7-form-control wpcf7-text wpcf7-validates-as-required\" aria-required=\"true\" aria-invalid=\"false\" value=\"Nome\" type=\"text\" name=\"your-name\" \/><\/span>\n\t\t\t<\/p>\n\t\t<\/div>\n\t\t<div class=\"qodef-grid-col-6\">\n\t\t\t<p><span class=\"wpcf7-form-control-wrap\" data-name=\"your-phone\"><input size=\"40\" maxlength=\"400\" class=\"wpcf7-form-control wpcf7-text wpcf7-validates-as-required\" aria-required=\"true\" aria-invalid=\"false\" value=\"Telefono\" type=\"text\" name=\"your-phone\" \/><\/span>\n\t\t\t<\/p>\n\t\t<\/div>\n\t<\/div>\n\t<div class=\"qodef-grid-row\">\n\t\t<div class=\"qodef-grid-col-12\">\n\t\t\t<p><span class=\"wpcf7-form-control-wrap\" data-name=\"your-email\"><input size=\"40\" maxlength=\"400\" class=\"wpcf7-form-control wpcf7-email wpcf7-validates-as-required wpcf7-text wpcf7-validates-as-email\" aria-required=\"true\" aria-invalid=\"false\" placeholder=\"Email\" value=\"\" type=\"email\" name=\"your-email\" \/><\/span>\n\t\t\t<\/p>\n\t\t<\/div>\n\t<\/div>\n\t<div class=\"qodef-grid-row\">\n\t\t<div class=\"qodef-grid-col-12\">\n\t\t\t<p><span class=\"wpcf7-form-control-wrap\" data-name=\"your-message\"><textarea cols=\"40\" rows=\"6\" maxlength=\"2000\" class=\"wpcf7-form-control wpcf7-textarea wpcf7-validates-as-required\" aria-required=\"true\" aria-invalid=\"false\" placeholder=\"Richiesta\" name=\"your-message\"><\/textarea><\/span>\n\t\t\t<\/p>\n\t\t<\/div>\n\t<\/div>\n\t<div class=\"qodef-grid-row\">\n\t\t<div class=\"qodef-grid-col-12\">\n\t\t\t<p><span class=\"wpcf7-form-control-wrap\" data-name=\"privacy\"><span class=\"wpcf7-form-control wpcf7-acceptance\"><span class=\"wpcf7-list-item\"><label><input type=\"checkbox\" name=\"privacy\" value=\"1\" aria-invalid=\"false\" \/><span class=\"wpcf7-list-item-label\">Ho Preso visione dell'informativa sul trattamento dei dati personali ai sensi degli art. 13 e 14 del Regolamento (UE) 679\/2016, acconsento al <a href=\"\/privacy-policy\/\">trattamento dei miei dati personali<\/a>.<\/span><\/label><\/span><\/span><\/span>\n\t\t\t<\/p>\n\t\t<\/div>\n\t<\/div>\n\t<p><input class=\"wpcf7-form-control wpcf7-submit has-spinner\" type=\"submit\" value=\"Invia\" \/>\n\t<\/p>\n<\/div><div class=\"wpcf7-response-output\" aria-hidden=\"true\"><\/div>\n<\/form>\n<\/div>\n[\/vc_column][\/vc_row]<\/p>\n<\/div>","protected":false},"excerpt":{"rendered":"<p>[vc_row content_placement=&#8221;middle&#8221; content_text_aligment=&#8221;center&#8221; el_class=&#8221;p-r-50 p-l-50&#8243;][vc_column][vc_single_image image=&#8221;16518&#8243; img_size=&#8221;full&#8221; alignment=&#8221;center&#8221; el_class=&#8221;immagine-full-width&#8221;][\/vc_column][\/vc_row][vc_row row_content_width=&#8221;grid&#8221; el_class=&#8221;p-t-100 p-b-100&#8243;][vc_column][vc_column_text] Casaglam crea e sviluppa non solo design d\u2019interni [&hellip;]<\/p>\n","protected":false},"author":184,"featured_media":16518,"parent":0,"menu_order":0,"comment_status":"closed","ping_status":"closed","template":"full-width.php","meta":{"_acf_changed":false,"footnotes":""},"class_list":["post-520","page","type-page","status-publish","has-post-thumbnail","hentry"],"acf":[],"yoast_head":"<!-- This site is optimized with the Yoast SEO plugin v27.4 - https:\/\/yoast.com\/product\/yoast-seo-wordpress\/ -->\n<title>Progettazione e vendita di soluzioni di arredamento personalizzate - Casaglam<\/title>\n<meta name=\"description\" content=\"Casaglam firma i progetti dei clienti pi\u00f9 raffinati in Italia e all\u2019estero aiutandoli a scegliere lo stile pi\u00f9 adatto alla propria personalit\u00e0.\" \/>\n<meta name=\"robots\" content=\"index, follow, max-snippet:-1, max-image-preview:large, max-video-preview:-1\" \/>\n<link rel=\"canonical\" href=\"https:\/\/casaglam.eu\/it\/chi-siamo\/\" \/>\n<meta property=\"og:locale\" content=\"it_IT\" \/>\n<meta property=\"og:type\" content=\"article\" \/>\n<meta property=\"og:title\" content=\"Progettazione e vendita di soluzioni di arredamento personalizzate - Casaglam\" \/>\n<meta property=\"og:description\" content=\"Casaglam firma i progetti dei clienti pi\u00f9 raffinati in Italia e all\u2019estero aiutandoli a scegliere lo stile pi\u00f9 adatto alla propria personalit\u00e0.\" \/>\n<meta property=\"og:url\" content=\"https:\/\/casaglam.eu\/it\/chi-siamo\/\" \/>\n<meta property=\"og:site_name\" content=\"Casaglam\" \/>\n<meta property=\"article:modified_time\" content=\"2025-10-28T13:33:45+00:00\" \/>\n<meta property=\"og:image\" content=\"https:\/\/casaglam.eu\/wp-content\/uploads\/2021\/04\/img-chi-siamo_casaglam-smania.jpg\" \/>\n\t<meta property=\"og:image:width\" content=\"1600\" \/>\n\t<meta property=\"og:image:height\" content=\"483\" \/>\n\t<meta property=\"og:image:type\" content=\"image\/jpeg\" \/>\n<meta name=\"twitter:card\" content=\"summary_large_image\" \/>\n<meta name=\"twitter:label1\" content=\"Tempo di lettura stimato\" \/>\n\t<meta name=\"twitter:data1\" content=\"2 minuti\" \/>\n<script type=\"application\/ld+json\" class=\"yoast-schema-graph\">{\"@context\":\"https:\\\/\\\/schema.org\",\"@graph\":[{\"@type\":\"WebPage\",\"@id\":\"https:\\\/\\\/casaglam.eu\\\/it\\\/chi-siamo\\\/\",\"url\":\"https:\\\/\\\/casaglam.eu\\\/it\\\/chi-siamo\\\/\",\"name\":\"Progettazione e vendita di soluzioni di arredamento personalizzate - Casaglam\",\"isPartOf\":{\"@id\":\"https:\\\/\\\/casaglam.eu\\\/#website\"},\"primaryImageOfPage\":{\"@id\":\"https:\\\/\\\/casaglam.eu\\\/it\\\/chi-siamo\\\/#primaryimage\"},\"image\":{\"@id\":\"https:\\\/\\\/casaglam.eu\\\/it\\\/chi-siamo\\\/#primaryimage\"},\"thumbnailUrl\":\"https:\\\/\\\/casaglam.eu\\\/wp-content\\\/uploads\\\/2021\\\/04\\\/img-chi-siamo_casaglam-smania.jpg\",\"datePublished\":\"2018-05-17T08:56:06+00:00\",\"dateModified\":\"2025-10-28T13:33:45+00:00\",\"description\":\"Casaglam firma i progetti dei clienti pi\u00f9 raffinati in Italia e all\u2019estero aiutandoli a scegliere lo stile pi\u00f9 adatto alla propria personalit\u00e0.\",\"breadcrumb\":{\"@id\":\"https:\\\/\\\/casaglam.eu\\\/it\\\/chi-siamo\\\/#breadcrumb\"},\"inLanguage\":\"it-IT\",\"potentialAction\":[{\"@type\":\"ReadAction\",\"target\":[\"https:\\\/\\\/casaglam.eu\\\/it\\\/chi-siamo\\\/\"]}]},{\"@type\":\"ImageObject\",\"inLanguage\":\"it-IT\",\"@id\":\"https:\\\/\\\/casaglam.eu\\\/it\\\/chi-siamo\\\/#primaryimage\",\"url\":\"https:\\\/\\\/casaglam.eu\\\/wp-content\\\/uploads\\\/2021\\\/04\\\/img-chi-siamo_casaglam-smania.jpg\",\"contentUrl\":\"https:\\\/\\\/casaglam.eu\\\/wp-content\\\/uploads\\\/2021\\\/04\\\/img-chi-siamo_casaglam-smania.jpg\",\"width\":1600,\"height\":483},{\"@type\":\"BreadcrumbList\",\"@id\":\"https:\\\/\\\/casaglam.eu\\\/it\\\/chi-siamo\\\/#breadcrumb\",\"itemListElement\":[{\"@type\":\"ListItem\",\"position\":1,\"name\":\"Home\",\"item\":\"https:\\\/\\\/casaglam.eu\\\/it\\\/\"},{\"@type\":\"ListItem\",\"position\":2,\"name\":\"Chi siamo\"}]},{\"@type\":\"WebSite\",\"@id\":\"https:\\\/\\\/casaglam.eu\\\/#website\",\"url\":\"https:\\\/\\\/casaglam.eu\\\/\",\"name\":\"Casaglam\",\"description\":\"\",\"potentialAction\":[{\"@type\":\"SearchAction\",\"target\":{\"@type\":\"EntryPoint\",\"urlTemplate\":\"https:\\\/\\\/casaglam.eu\\\/?s={search_term_string}\"},\"query-input\":{\"@type\":\"PropertyValueSpecification\",\"valueRequired\":true,\"valueName\":\"search_term_string\"}}],\"inLanguage\":\"it-IT\"}]}<\/script>\n<!-- \/ Yoast SEO plugin. -->","yoast_head_json":{"title":"Progettazione e vendita di soluzioni di arredamento personalizzate - Casaglam","description":"Casaglam firma i progetti dei clienti pi\u00f9 raffinati in Italia e all\u2019estero aiutandoli a scegliere lo stile pi\u00f9 adatto alla propria personalit\u00e0.","robots":{"index":"index","follow":"follow","max-snippet":"max-snippet:-1","max-image-preview":"max-image-preview:large","max-video-preview":"max-video-preview:-1"},"canonical":"https:\/\/casaglam.eu\/it\/chi-siamo\/","og_locale":"it_IT","og_type":"article","og_title":"Progettazione e vendita di soluzioni di arredamento personalizzate - Casaglam","og_description":"Casaglam firma i progetti dei clienti pi\u00f9 raffinati in Italia e all\u2019estero aiutandoli a scegliere lo stile pi\u00f9 adatto alla propria personalit\u00e0.","og_url":"https:\/\/casaglam.eu\/it\/chi-siamo\/","og_site_name":"Casaglam","article_modified_time":"2025-10-28T13:33:45+00:00","og_image":[{"width":1600,"height":483,"url":"https:\/\/casaglam.eu\/wp-content\/uploads\/2021\/04\/img-chi-siamo_casaglam-smania.jpg","type":"image\/jpeg"}],"twitter_card":"summary_large_image","twitter_misc":{"Tempo di lettura stimato":"2 minuti"},"schema":{"@context":"https:\/\/schema.org","@graph":[{"@type":"WebPage","@id":"https:\/\/casaglam.eu\/it\/chi-siamo\/","url":"https:\/\/casaglam.eu\/it\/chi-siamo\/","name":"Progettazione e vendita di soluzioni di arredamento personalizzate - Casaglam","isPartOf":{"@id":"https:\/\/casaglam.eu\/#website"},"primaryImageOfPage":{"@id":"https:\/\/casaglam.eu\/it\/chi-siamo\/#primaryimage"},"image":{"@id":"https:\/\/casaglam.eu\/it\/chi-siamo\/#primaryimage"},"thumbnailUrl":"https:\/\/casaglam.eu\/wp-content\/uploads\/2021\/04\/img-chi-siamo_casaglam-smania.jpg","datePublished":"2018-05-17T08:56:06+00:00","dateModified":"2025-10-28T13:33:45+00:00","description":"Casaglam firma i progetti dei clienti pi\u00f9 raffinati in Italia e all\u2019estero aiutandoli a scegliere lo stile pi\u00f9 adatto alla propria personalit\u00e0.","breadcrumb":{"@id":"https:\/\/casaglam.eu\/it\/chi-siamo\/#breadcrumb"},"inLanguage":"it-IT","potentialAction":[{"@type":"ReadAction","target":["https:\/\/casaglam.eu\/it\/chi-siamo\/"]}]},{"@type":"ImageObject","inLanguage":"it-IT","@id":"https:\/\/casaglam.eu\/it\/chi-siamo\/#primaryimage","url":"https:\/\/casaglam.eu\/wp-content\/uploads\/2021\/04\/img-chi-siamo_casaglam-smania.jpg","contentUrl":"https:\/\/casaglam.eu\/wp-content\/uploads\/2021\/04\/img-chi-siamo_casaglam-smania.jpg","width":1600,"height":483},{"@type":"BreadcrumbList","@id":"https:\/\/casaglam.eu\/it\/chi-siamo\/#breadcrumb","itemListElement":[{"@type":"ListItem","position":1,"name":"Home","item":"https:\/\/casaglam.eu\/it\/"},{"@type":"ListItem","position":2,"name":"Chi siamo"}]},{"@type":"WebSite","@id":"https:\/\/casaglam.eu\/#website","url":"https:\/\/casaglam.eu\/","name":"Casaglam","description":"","potentialAction":[{"@type":"SearchAction","target":{"@type":"EntryPoint","urlTemplate":"https:\/\/casaglam.eu\/?s={search_term_string}"},"query-input":{"@type":"PropertyValueSpecification","valueRequired":true,"valueName":"search_term_string"}}],"inLanguage":"it-IT"}]}},"_links":{"self":[{"href":"https:\/\/casaglam.eu\/it\/wp-json\/wp\/v2\/pages\/520","targetHints":{"allow":["GET"]}}],"collection":[{"href":"https:\/\/casaglam.eu\/it\/wp-json\/wp\/v2\/pages"}],"about":[{"href":"https:\/\/casaglam.eu\/it\/wp-json\/wp\/v2\/types\/page"}],"author":[{"embeddable":true,"href":"https:\/\/casaglam.eu\/it\/wp-json\/wp\/v2\/users\/184"}],"replies":[{"embeddable":true,"href":"https:\/\/casaglam.eu\/it\/wp-json\/wp\/v2\/comments?post=520"}],"version-history":[{"count":62,"href":"https:\/\/casaglam.eu\/it\/wp-json\/wp\/v2\/pages\/520\/revisions"}],"predecessor-version":[{"id":40109,"href":"https:\/\/casaglam.eu\/it\/wp-json\/wp\/v2\/pages\/520\/revisions\/40109"}],"wp:featuredmedia":[{"embeddable":true,"href":"https:\/\/casaglam.eu\/it\/wp-json\/wp\/v2\/media\/16518"}],"wp:attachment":[{"href":"https:\/\/casaglam.eu\/it\/wp-json\/wp\/v2\/media?parent=520"}],"curies":[{"name":"wp","href":"https:\/\/api.w.org\/{rel}","templated":true}]}}