{"id":6127,"date":"2020-06-24T17:25:19","date_gmt":"2020-06-24T15:25:19","guid":{"rendered":"https:\/\/casaglam.eu\/?page_id=6127"},"modified":"2020-10-25T08:08:31","modified_gmt":"2020-10-25T07:08:31","slug":"luxury","status":"publish","type":"page","link":"https:\/\/casaglam.eu\/it\/stili\/luxury\/","title":{"rendered":"Luxury"},"content":{"rendered":"<div class=\"wpb-content-wrapper\"><p>[vc_row full_height=&#8221;yes&#8221; disable_background_image=&#8221;&#8221; el_class=&#8221;custom-banner-home&#8221; simple_background_image=&#8221;6564&#8243;][vc_column][vc_row_inner row_content_width=&#8221;grid&#8221;][vc_column_inner][vc_column_text]<\/p>\n<h1 style=\"text-align: center;\">LUXURY<br \/>\nL&#8217;ATMOSFERA ESCLUSIVA<\/h1>\n<h3 style=\"text-align: center;\">Prezioso come il vetro lavorato dai maestri artigiani di Murano, raffinato ed elegante come i preziosi vestiti dei Dogi che attraversano Venezia durante il carnevale, lo stile Luxury rappresenta la combinazione perfetta di lusso contemporaneo e passione per i valori e la tradizione che durano nel tempo. Esclusivit\u00e0 e funzionalit\u00e0 modellano gli spazi affinch\u00e9 l\u2019emozione colpisca ed affascini il cliente giorno dopo giorno.<\/h3>\n<p>[\/vc_column_text][\/vc_column_inner][\/vc_row_inner][\/vc_column][\/vc_row][vc_row content_placement=&#8221;middle&#8221; row_content_width=&#8221;grid&#8221; content_text_aligment=&#8221;center&#8221; css=&#8221;.vc_custom_1559048383734{padding-top: 40px !important;}&#8221;][vc_column offset=&#8221;vc_hidden-lg vc_hidden-md vc_hidden-sm&#8221;][vc_single_image image=&#8221;6567&#8243; img_size=&#8221;full&#8221; alignment=&#8221;center&#8221; onclick=&#8221;link_image&#8221; css_animation=&#8221;fadeIn&#8221; css=&#8221;.vc_custom_1594029160218{margin-top: 50px !important;}&#8221;][\/vc_column][vc_column offset=&#8221;vc_col-md-6&#8243;]<div class=\"qodef-elements-holder   qodef-one-column  qodef-responsive-mode-768 \" ><div class=\"qodef-eh-item    \"  data-item-class=\"qodef-eh-custom-1752\" data-1025-1366=\"128px 3% 0px\" data-769-1024=\"128px 7% 0px\">\n\t<div class=\"qodef-eh-item-inner\">\n\t\t<div class=\"qodef-eh-item-content qodef-eh-custom-1752\" style=\"padding: 128px 5% 0px\">\n\t\t\t<div class=\"qodef-section-title-holder  qodef-st-standard qodef-st-title-left qodef-st-normal-space \" >\n\t<div class=\"qodef-st-inner\">\n\t\t\t\t\t<h2 class=\"qodef-st-title\" >\n\t\t\t\tCUCINE DA ESIBIRE\t\t\t<\/h2>\n\t\t\t\t\t\t\t<h4 class=\"qodef-st-text\" style=\"line-height: 28px;font-weight: 300\">\n\t\t\t\tSfacciatezza e lusso. Le cucine Luxury si distinguono per l\u2019uso di marmi e decori d\u2019effetto ma non rinunciano alla tradizione e alla qualit\u00e0 dei materiali.\t\t\t<\/h4>\n\t\t\t<\/div>\n<\/div>[vc_empty_space]\t\t<\/div>\n\t<\/div>\n<\/div><\/div>[\/vc_column][vc_column offset=&#8221;vc_col-md-6 vc_hidden-xs&#8221;]<div class=\"qodef-elements-holder   qodef-one-column  qodef-responsive-mode-768 \" ><div class=\"qodef-eh-item    \"  data-item-class=\"qodef-eh-custom-7337\" data-680=\"0px 0% 100px 0%\">\n\t<div class=\"qodef-eh-item-inner\">\n\t\t<div class=\"qodef-eh-item-content qodef-eh-custom-7337\" style=\"padding: 0px 0% 0px 0%\">\n\t\t\t[vc_single_image image=&#8221;6567&#8243; img_size=&#8221;full&#8221; alignment=&#8221;center&#8221; onclick=&#8221;link_image&#8221; css_animation=&#8221;fadeIn&#8221; css=&#8221;.vc_custom_1594029160218{margin-top: 50px !important;}&#8221;]\t\t<\/div>\n\t<\/div>\n<\/div><\/div>[\/vc_column][\/vc_row][vc_row content_placement=&#8221;middle&#8221; row_content_width=&#8221;grid&#8221; content_text_aligment=&#8221;center&#8221; css=&#8221;.vc_custom_1559048389060{padding-top: 40px !important;}&#8221;][vc_column offset=&#8221;vc_hidden-lg vc_hidden-md vc_hidden-sm&#8221;][vc_single_image image=&#8221;6573&#8243; img_size=&#8221;full&#8221; alignment=&#8221;center&#8221; onclick=&#8221;link_image&#8221; css_animation=&#8221;fadeIn&#8221; css=&#8221;.vc_custom_1603119879086{margin-top: 50px !important;}&#8221;][\/vc_column][vc_column offset=&#8221;vc_col-md-6 vc_hidden-xs&#8221;]<div class=\"qodef-elements-holder   qodef-one-column  qodef-responsive-mode-768 \" ><div class=\"qodef-eh-item    \"  data-item-class=\"qodef-eh-custom-3592\" data-680=\"0px 0% 100px 0%\">\n\t<div class=\"qodef-eh-item-inner\">\n\t\t<div class=\"qodef-eh-item-content qodef-eh-custom-3592\" style=\"padding: 0px 0% 0px 0%\">\n\t\t\t<div class=\"qodef-pi-holder qodef-small-image-bottom-right\" >\n    <div class=\"qodef-pi-holder-inner\" style=\"background-color: #f7f5f5\">\n\n        <div class=\"qodef-pi qodef-small-pair-item\">\n            <div class=\"qodef-pi-inner\">\n                <div class=\"qodef-pi-image\">\n\t\t\t\t\t                <\/div>\n            <\/div>\n        <\/div>\n\n        <div class=\"qodef-pi qodef-big-pair-item\">\n            <div class=\"qodef-pi-inner\">\n                <div class=\"qodef-pi-image\">\n\t\t\t\t\t<img loading=\"lazy\" decoding=\"async\" width=\"890\" height=\"600\" src=\"https:\/\/casaglam.eu\/wp-content\/uploads\/2020\/07\/smania-soggiorno-luxury.jpg\" class=\"attachment-arredo_qodef_portrait size-arredo_qodef_portrait\" alt=\"\" srcset=\"https:\/\/casaglam.eu\/wp-content\/uploads\/2020\/07\/smania-soggiorno-luxury.jpg 890w, https:\/\/casaglam.eu\/wp-content\/uploads\/2020\/07\/smania-soggiorno-luxury-300x202.jpg 300w, https:\/\/casaglam.eu\/wp-content\/uploads\/2020\/07\/smania-soggiorno-luxury-768x518.jpg 768w, https:\/\/casaglam.eu\/wp-content\/uploads\/2020\/07\/smania-soggiorno-luxury-600x404.jpg 600w\" sizes=\"auto, (max-width: 890px) 100vw, 890px\" \/>                <\/div>\n            <\/div>\n        <\/div>\n\n    <\/div>\n<\/div>\n\t\t<\/div>\n\t<\/div>\n<\/div><\/div>[\/vc_column][vc_column offset=&#8221;vc_col-md-6&#8243;]<div class=\"qodef-elements-holder   qodef-one-column  qodef-responsive-mode-768 \" ><div class=\"qodef-eh-item    \"  data-item-class=\"qodef-eh-custom-3683\" data-1025-1366=\"128px 3% 0px\" data-769-1024=\"128px 7% 0px\">\n\t<div class=\"qodef-eh-item-inner\">\n\t\t<div class=\"qodef-eh-item-content qodef-eh-custom-3683\" style=\"padding: 128px 5% 0px\">\n\t\t\t<div class=\"qodef-section-title-holder  qodef-st-standard qodef-st-title-left qodef-st-normal-space \" >\n\t<div class=\"qodef-st-inner\">\n\t\t\t\t\t<h2 class=\"qodef-st-title\" >\n\t\t\t\tDETTAGLI LUXURY<br \/>\nby Smania\t\t\t<\/h2>\n\t\t\t\t\t\t\t<h4 class=\"qodef-st-text\" style=\"line-height: 28px;font-weight: 300\">\n\t\t\t\tIl soggiorno \u00e8 uno spazio di rappresentanza e nello stile Luxury assume ancora pi\u00f9 valore con l\u2019inserimento di veri e propri pezzi unici capaci di ricreare uno stile contemporaneo e prezioso senza rinunciare alle rassicuranti forme classiche. Soluzioni personalizzabili con dettagli esclusivi, lavorazioni artigianali made in Italy e combinazioni ricercate.\t\t\t<\/h4>\n\t\t\t<\/div>\n<\/div>[vc_empty_space]\t\t<\/div>\n\t<\/div>\n<\/div><\/div>[\/vc_column][\/vc_row][vc_row content_placement=&#8221;middle&#8221; row_content_width=&#8221;grid&#8221; content_text_aligment=&#8221;center&#8221; css=&#8221;.vc_custom_1559048383734{padding-top: 40px !important;}&#8221;][vc_column offset=&#8221;vc_hidden-lg vc_hidden-md vc_hidden-sm&#8221;][vc_single_image image=&#8221;6570&#8243; img_size=&#8221;full&#8221; alignment=&#8221;center&#8221; onclick=&#8221;link_image&#8221; css_animation=&#8221;fadeIn&#8221; css=&#8221;.vc_custom_1594029194421{margin-top: 50px !important;}&#8221;][\/vc_column][vc_column offset=&#8221;vc_col-md-6&#8243;]<div class=\"qodef-elements-holder   qodef-one-column  qodef-responsive-mode-768 \" ><div class=\"qodef-eh-item    \"  data-item-class=\"qodef-eh-custom-4051\" data-1025-1366=\"128px 3% 0px\" data-769-1024=\"128px 7% 0px\">\n\t<div class=\"qodef-eh-item-inner\">\n\t\t<div class=\"qodef-eh-item-content qodef-eh-custom-4051\" style=\"padding: 128px 5% 0px\">\n\t\t\t<div class=\"qodef-section-title-holder  qodef-st-standard qodef-st-title-left qodef-st-normal-space \" >\n\t<div class=\"qodef-st-inner\">\n\t\t\t\t\t<h2 class=\"qodef-st-title\" >\n\t\t\t\tCAMERE ESCLUSIVE<br \/>\nby Smania\t\t\t<\/h2>\n\t\t\t\t\t\t\t<h4 class=\"qodef-st-text\" style=\"line-height: 28px;font-weight: 300\">\n\t\t\t\tI letti imbottiti dalle testate importanti si vestono a festa con abiti sartoriali dallo stile unico. Lussuosi velluti, pregiati tessuti e morbidi cuscini si alternano creando un\u2019atmosfera avvolgente ma sempre molto trendy ed esclusiva.\t\t\t<\/h4>\n\t\t\t<\/div>\n<\/div>[vc_empty_space]\t\t<\/div>\n\t<\/div>\n<\/div><\/div>[\/vc_column][vc_column offset=&#8221;vc_col-md-6 vc_hidden-xs&#8221;]<div class=\"qodef-elements-holder   qodef-one-column  qodef-responsive-mode-768 \" ><div class=\"qodef-eh-item    \"  data-item-class=\"qodef-eh-custom-8305\" data-680=\"0px 0% 100px 0%\">\n\t<div class=\"qodef-eh-item-inner\">\n\t\t<div class=\"qodef-eh-item-content qodef-eh-custom-8305\" style=\"padding: 0px 0% 0px 0%\">\n\t\t\t[vc_single_image image=&#8221;6570&#8243; img_size=&#8221;full&#8221; alignment=&#8221;center&#8221; onclick=&#8221;link_image&#8221; css_animation=&#8221;fadeIn&#8221; css=&#8221;.vc_custom_1594029194421{margin-top: 50px !important;}&#8221;]\t\t<\/div>\n\t<\/div>\n<\/div><\/div>[\/vc_column][\/vc_row][vc_row content_placement=&#8221;middle&#8221; row_content_width=&#8221;grid&#8221; el_class=&#8221;tabella-elenco-marchi-4&#8243; css=&#8221;.vc_custom_1559642727096{padding-top: 120px !important;padding-bottom: 120px !important;}&#8221;][vc_column][vc_custom_heading text=&#8221;Brand in stile Luxury proposti da Casaglam&#8221; font_container=&#8221;tag:h2|text_align:center&#8221; use_theme_fonts=&#8221;yes&#8221;][vc_empty_space][vc_row_inner css=&#8221;.vc_custom_1559554374714{padding-right: 50px !important;padding-left: 50px !important;}&#8221;][vc_column_inner]<div class=\"qodef-portfolio-list-holder qodef-grid-list qodef-disable-bottom-space qodef-pl-gallery qodef-four-columns qodef-large-space qodef-pl-standard-shader    qodef-pl-pag-no-pagination     \"  data-type=gallery data-number-of-columns=four data-space-between-items=large data-number-of-items=-1 data-image-proportions=full data-enable-fixed-proportions=no data-enable-image-shadow=no data-category=luxury data-orderby=menu_order data-order=ASC data-item-style=standard-shader data-enable-title=yes data-title-tag=h4 data-enable-category=yes data-enable-count-images=yes data-enable-excerpt=no data-excerpt-length=20 data-pagination-type=no-pagination data-filter=no data-filter-order-by=name data-enable-article-animation=no data-portfolio-slider-on=no data-enable-loop=yes data-enable-autoplay=yes data-slider-speed=5000 data-slider-speed-animation=600 data-enable-navigation=yes data-enable-pagination=yes data-max-num-pages=0 data-next-page=2>\n\t\t<div class=\"qodef-pl-inner qodef-outer-space  clearfix\">\n\t\t<p class=\"qodef-pl-not-found\">Sorry, no posts matched your criteria.<\/p>\t<\/div>\n\t\n\t<\/div>[\/vc_column_inner][\/vc_row_inner][\/vc_column][\/vc_row]<\/p>\n<\/div>","protected":false},"excerpt":{"rendered":"<p>[vc_row full_height=&#8221;yes&#8221; disable_background_image=&#8221;&#8221; el_class=&#8221;custom-banner-home&#8221; simple_background_image=&#8221;6564&#8243;][vc_column][vc_row_inner row_content_width=&#8221;grid&#8221;][vc_column_inner][vc_column_text] LUXURY L&#8217;ATMOSFERA ESCLUSIVA Prezioso come il vetro lavorato dai maestri artigiani di Murano, raffinato [&hellip;]<\/p>\n","protected":false},"author":184,"featured_media":0,"parent":2250,"menu_order":0,"comment_status":"closed","ping_status":"closed","template":"page-homepage.php","meta":{"_acf_changed":false,"footnotes":""},"class_list":["post-6127","page","type-page","status-publish","hentry"],"acf":[],"yoast_head":"<!-- This site is optimized with the Yoast SEO plugin v27.1.1 - https:\/\/yoast.com\/product\/yoast-seo-wordpress\/ -->\n<title>Luxury - Casaglam<\/title>\n<meta name=\"robots\" content=\"index, follow, max-snippet:-1, max-image-preview:large, max-video-preview:-1\" \/>\n<link rel=\"canonical\" href=\"https:\/\/casaglam.eu\/stili\/luxury\/\" \/>\n<meta property=\"og:locale\" content=\"it_IT\" \/>\n<meta property=\"og:type\" content=\"article\" \/>\n<meta property=\"og:title\" content=\"Luxury - Casaglam\" \/>\n<meta property=\"og:description\" content=\"[vc_row full_height=&#8221;yes&#8221; disable_background_image=&#8221;&#8221; el_class=&#8221;custom-banner-home&#8221; simple_background_image=&#8221;6564&#8243;][vc_column][vc_row_inner row_content_width=&#8221;grid&#8221;][vc_column_inner][vc_column_text] LUXURY L&#8217;ATMOSFERA ESCLUSIVA Prezioso come il vetro lavorato dai maestri artigiani di Murano, raffinato [&hellip;]\" \/>\n<meta property=\"og:url\" content=\"https:\/\/casaglam.eu\/stili\/luxury\/\" \/>\n<meta property=\"og:site_name\" content=\"Casaglam\" \/>\n<meta property=\"article:modified_time\" content=\"2020-10-25T07:08:31+00:00\" \/>\n<meta name=\"twitter:card\" content=\"summary_large_image\" \/>\n<meta name=\"twitter:label1\" content=\"Tempo di lettura stimato\" \/>\n\t<meta name=\"twitter:data1\" content=\"5 minuti\" \/>\n<script type=\"application\/ld+json\" class=\"yoast-schema-graph\">{\"@context\":\"https:\/\/schema.org\",\"@graph\":[{\"@type\":\"WebPage\",\"@id\":\"https:\/\/casaglam.eu\/stili\/luxury\/\",\"url\":\"https:\/\/casaglam.eu\/stili\/luxury\/\",\"name\":\"Luxury - Casaglam\",\"isPartOf\":{\"@id\":\"https:\/\/casaglam.eu\/#website\"},\"datePublished\":\"2020-06-24T15:25:19+00:00\",\"dateModified\":\"2020-10-25T07:08:31+00:00\",\"breadcrumb\":{\"@id\":\"https:\/\/casaglam.eu\/stili\/luxury\/#breadcrumb\"},\"inLanguage\":\"it-IT\",\"potentialAction\":[{\"@type\":\"ReadAction\",\"target\":[\"https:\/\/casaglam.eu\/stili\/luxury\/\"]}]},{\"@type\":\"BreadcrumbList\",\"@id\":\"https:\/\/casaglam.eu\/stili\/luxury\/#breadcrumb\",\"itemListElement\":[{\"@type\":\"ListItem\",\"position\":1,\"name\":\"Home\",\"item\":\"https:\/\/casaglam.eu\/it\/\"},{\"@type\":\"ListItem\",\"position\":2,\"name\":\"Stili\",\"item\":\"https:\/\/casaglam.eu\/stili\/\"},{\"@type\":\"ListItem\",\"position\":3,\"name\":\"Luxury\"}]},{\"@type\":\"WebSite\",\"@id\":\"https:\/\/casaglam.eu\/#website\",\"url\":\"https:\/\/casaglam.eu\/\",\"name\":\"Casaglam\",\"description\":\"\",\"potentialAction\":[{\"@type\":\"SearchAction\",\"target\":{\"@type\":\"EntryPoint\",\"urlTemplate\":\"https:\/\/casaglam.eu\/?s={search_term_string}\"},\"query-input\":{\"@type\":\"PropertyValueSpecification\",\"valueRequired\":true,\"valueName\":\"search_term_string\"}}],\"inLanguage\":\"it-IT\"}]}<\/script>\n<!-- \/ Yoast SEO plugin. -->","yoast_head_json":{"title":"Luxury - Casaglam","robots":{"index":"index","follow":"follow","max-snippet":"max-snippet:-1","max-image-preview":"max-image-preview:large","max-video-preview":"max-video-preview:-1"},"canonical":"https:\/\/casaglam.eu\/stili\/luxury\/","og_locale":"it_IT","og_type":"article","og_title":"Luxury - Casaglam","og_description":"[vc_row full_height=&#8221;yes&#8221; disable_background_image=&#8221;&#8221; el_class=&#8221;custom-banner-home&#8221; simple_background_image=&#8221;6564&#8243;][vc_column][vc_row_inner row_content_width=&#8221;grid&#8221;][vc_column_inner][vc_column_text] LUXURY L&#8217;ATMOSFERA ESCLUSIVA Prezioso come il vetro lavorato dai maestri artigiani di Murano, raffinato [&hellip;]","og_url":"https:\/\/casaglam.eu\/stili\/luxury\/","og_site_name":"Casaglam","article_modified_time":"2020-10-25T07:08:31+00:00","twitter_card":"summary_large_image","twitter_misc":{"Tempo di lettura stimato":"5 minuti"},"schema":{"@context":"https:\/\/schema.org","@graph":[{"@type":"WebPage","@id":"https:\/\/casaglam.eu\/stili\/luxury\/","url":"https:\/\/casaglam.eu\/stili\/luxury\/","name":"Luxury - Casaglam","isPartOf":{"@id":"https:\/\/casaglam.eu\/#website"},"datePublished":"2020-06-24T15:25:19+00:00","dateModified":"2020-10-25T07:08:31+00:00","breadcrumb":{"@id":"https:\/\/casaglam.eu\/stili\/luxury\/#breadcrumb"},"inLanguage":"it-IT","potentialAction":[{"@type":"ReadAction","target":["https:\/\/casaglam.eu\/stili\/luxury\/"]}]},{"@type":"BreadcrumbList","@id":"https:\/\/casaglam.eu\/stili\/luxury\/#breadcrumb","itemListElement":[{"@type":"ListItem","position":1,"name":"Home","item":"https:\/\/casaglam.eu\/it\/"},{"@type":"ListItem","position":2,"name":"Stili","item":"https:\/\/casaglam.eu\/stili\/"},{"@type":"ListItem","position":3,"name":"Luxury"}]},{"@type":"WebSite","@id":"https:\/\/casaglam.eu\/#website","url":"https:\/\/casaglam.eu\/","name":"Casaglam","description":"","potentialAction":[{"@type":"SearchAction","target":{"@type":"EntryPoint","urlTemplate":"https:\/\/casaglam.eu\/?s={search_term_string}"},"query-input":{"@type":"PropertyValueSpecification","valueRequired":true,"valueName":"search_term_string"}}],"inLanguage":"it-IT"}]}},"_links":{"self":[{"href":"https:\/\/casaglam.eu\/it\/wp-json\/wp\/v2\/pages\/6127","targetHints":{"allow":["GET"]}}],"collection":[{"href":"https:\/\/casaglam.eu\/it\/wp-json\/wp\/v2\/pages"}],"about":[{"href":"https:\/\/casaglam.eu\/it\/wp-json\/wp\/v2\/types\/page"}],"author":[{"embeddable":true,"href":"https:\/\/casaglam.eu\/it\/wp-json\/wp\/v2\/users\/184"}],"replies":[{"embeddable":true,"href":"https:\/\/casaglam.eu\/it\/wp-json\/wp\/v2\/comments?post=6127"}],"version-history":[{"count":14,"href":"https:\/\/casaglam.eu\/it\/wp-json\/wp\/v2\/pages\/6127\/revisions"}],"predecessor-version":[{"id":9252,"href":"https:\/\/casaglam.eu\/it\/wp-json\/wp\/v2\/pages\/6127\/revisions\/9252"}],"up":[{"embeddable":true,"href":"https:\/\/casaglam.eu\/it\/wp-json\/wp\/v2\/pages\/2250"}],"wp:attachment":[{"href":"https:\/\/casaglam.eu\/it\/wp-json\/wp\/v2\/media?parent=6127"}],"curies":[{"name":"wp","href":"https:\/\/api.w.org\/{rel}","templated":true}]}}