{"id":34563,"date":"2024-11-15T11:27:25","date_gmt":"2024-11-15T10:27:25","guid":{"rendered":"https:\/\/casaglam.eu\/?post_type=product&#038;p=34563"},"modified":"2024-12-03T11:54:57","modified_gmt":"2024-12-03T10:54:57","slug":"dome-nomad-large-lampada-da-tavolo-portatile-grigio-fume-ottone","status":"publish","type":"product","link":"https:\/\/casaglam.eu\/it\/outlet\/dome-nomad-large-lampada-da-tavolo-portatile-grigio-fume-ottone\/","title":{"rendered":"DOME NOMAD LARGE LAMPADA DA TAVOLO PORTATILE &#8211; GRIGIO FUM\u00c8\/OTTONE"},"content":{"rendered":"<p><strong>Dimensioni\u00a0 \u00a0 \u00a0 \u00a0 <\/strong>\u00d8. 32 cm &#8211; P. 32 cm &#8211; H. 60 cm<\/p>\n<p><strong>Download\u00a0 \u00a0 \u00a0 <a href=\"https:\/\/casaglam.eu\/wp-content\/uploads\/2024\/11\/DS_PC1288_DOME_NOMAD_L_LINE_CZ_20240208-1.pdf\">DS_PC1288_DOME_NOMAD_L_LINE_CZ_20240208 (1)<\/a>\u00a0 \u00a0 <a href=\"https:\/\/casaglam.eu\/wp-content\/uploads\/2024\/11\/PC1266_DOME-NOMAD_PRODUCT_INFORMATION_SHEET_EN.pdf\">PC1266_DOME NOMAD_PRODUCT_INFORMATION_SHEET_EN<\/a><\/strong><\/p>\n<p><strong><img loading=\"lazy\" decoding=\"async\" class=\"alignnone wp-image-34572\" src=\"https:\/\/casaglam.eu\/wp-content\/uploads\/2024\/11\/Dome_Nomad_all_26072021_PC1288-378x378.png\" alt=\"\" width=\"176\" height=\"176\" srcset=\"https:\/\/casaglam.eu\/wp-content\/uploads\/2024\/11\/Dome_Nomad_all_26072021_PC1288-378x378.png 378w, https:\/\/casaglam.eu\/wp-content\/uploads\/2024\/11\/Dome_Nomad_all_26072021_PC1288-150x150.png 150w, https:\/\/casaglam.eu\/wp-content\/uploads\/2024\/11\/Dome_Nomad_all_26072021_PC1288-300x300.png 300w, https:\/\/casaglam.eu\/wp-content\/uploads\/2024\/11\/Dome_Nomad_all_26072021_PC1288-100x100.png 100w, https:\/\/casaglam.eu\/wp-content\/uploads\/2024\/11\/Dome_Nomad_all_26072021_PC1288.png 474w\" sizes=\"auto, (max-width: 176px) 100vw, 176px\" \/> \u00a0 \u00a0<\/strong><\/p>\n<p>&nbsp;<\/p>\n<p>&nbsp;<\/p>\n","protected":false},"excerpt":{"rendered":"<div class=\"elementor elementor-10 elementor-location-header\" data-elementor-type=\"header\" data-elementor-id=\"10\" data-elementor-post-type=\"elementor_library\">\n<section class=\"elementor-section elementor-top-section elementor-element elementor-element-66865dd elementor-section-boxed elementor-section-height-default elementor-section-height-default elementor-sticky elementor-sticky--active elementor-section--handles-inside elementor-sticky--effects\" data-id=\"66865dd\" data-element_type=\"section\" data-settings=\"{&quot;background_background&quot;:&quot;classic&quot;,&quot;sticky&quot;:&quot;top&quot;,&quot;sticky_on&quot;:[&quot;desktop&quot;,&quot;tablet&quot;],&quot;sticky_offset&quot;:0,&quot;sticky_effects_offset&quot;:0}\">\n<div class=\"elementor-container elementor-column-gap-no\">\n<div class=\"elementor-column elementor-col-100 elementor-top-column elementor-element elementor-element-57c790e\" data-id=\"57c790e\" data-element_type=\"column\">\n<div class=\"elementor-widget-wrap elementor-element-populated\">\n<section class=\"elementor-section elementor-inner-section elementor-element elementor-element-7768a28 elementor-section-boxed elementor-section-height-default elementor-section-height-default\" data-id=\"7768a28\" data-element_type=\"section\">\n<div class=\"elementor-container elementor-column-gap-default\">\n<div class=\"elementor-column elementor-col-50 elementor-inner-column elementor-element elementor-element-bb84a13\" data-id=\"bb84a13\" data-element_type=\"column\">\n<div class=\"elementor-widget-wrap elementor-element-populated\">\n<div class=\"elementor-element elementor-element-57da4fe elementor-widget elementor-widget-theme-site-logo elementor-widget-image\" data-id=\"57da4fe\" data-element_type=\"widget\" data-widget_type=\"theme-site-logo.default\">\n<div class=\"elementor-widget-container\"><span style=\"color: #000000;font-size: 60px\">BROKIS<\/span><\/div>\n<\/div>\n<\/div>\n<\/div>\n<\/div>\n<\/section>\n<\/div>\n<\/div>\n<\/div>\n<\/section>\n<\/div>\n<h2 class=\"page-header\">Dome Nomad<\/h2>\n<div class=\"page-content\">\n<div class=\"elementor elementor-1803\" data-elementor-type=\"wp-post\" data-elementor-id=\"1803\" data-elementor-post-type=\"brokis-collections\">\n<section class=\"elementor-section elementor-top-section elementor-element elementor-element-d1898f0 elementor-section-full_width elementor-section-height-default elementor-section-height-default\" data-id=\"d1898f0\" data-element_type=\"section\">\n<div class=\"elementor-container elementor-column-gap-no\">\n<div class=\"elementor-column elementor-col-100 elementor-top-column elementor-element elementor-element-2fed77a\" data-id=\"2fed77a\" data-element_type=\"column\">\n<div class=\"elementor-widget-wrap elementor-element-populated\">\n<div class=\"elementor-element elementor-element-c44238e elementor-widget elementor-widget-template\" data-id=\"c44238e\" data-element_type=\"widget\" data-widget_type=\"template.default\">\n<div class=\"elementor-widget-container\">\n<div class=\"elementor-template\">\n<div class=\"elementor elementor-206\" data-elementor-type=\"section\" data-elementor-id=\"206\" data-elementor-post-type=\"elementor_library\">\n<section id=\"collection\" class=\"elementor-section elementor-top-section elementor-element elementor-element-9e92767 elementor-section-boxed elementor-section-height-default elementor-section-height-default\" data-id=\"9e92767\" data-element_type=\"section\">\n<div class=\"elementor-container elementor-column-gap-default\">\n<div class=\"elementor-column elementor-col-50 elementor-top-column elementor-element elementor-element-60188e3d\" data-id=\"60188e3d\" data-element_type=\"column\">\n<div class=\"elementor-widget-wrap elementor-element-populated\">\n<section class=\"elementor-section elementor-inner-section elementor-element elementor-element-1e795d9e elementor-section-boxed elementor-section-height-default elementor-section-height-default\" data-id=\"1e795d9e\" data-element_type=\"section\">\n<div class=\"elementor-container elementor-column-gap-no\">\n<div class=\"elementor-column elementor-col-50 elementor-inner-column elementor-element elementor-element-55417598\" data-id=\"55417598\" data-element_type=\"column\">\n<div class=\"elementor-widget-wrap elementor-element-populated\">\n<div class=\"elementor-element elementor-element-3aa2915e elementor-widget elementor-widget-text-editor\" data-id=\"3aa2915e\" data-element_type=\"widget\" data-widget_type=\"text-editor.default\">\n<h4 class=\"elementor-widget-container\">Designer:<\/h4>\n<h4 class=\"elementor-widget-container\">LCM MARIN design studio<\/h4>\n<\/div>\n<\/div>\n<\/div>\n<div class=\"elementor-column elementor-col-50 elementor-inner-column elementor-element elementor-element-4c8ea4df elementor-hidden-mobile\" data-id=\"4c8ea4df\" data-element_type=\"column\">\n<div class=\"elementor-widget-wrap elementor-element-populated\">\n<div class=\"elementor-element elementor-element-6f2945ed elementor-widget elementor-widget-image\" data-id=\"6f2945ed\" data-element_type=\"widget\" data-widget_type=\"image.default\">\n<p class=\"elementor-widget-container\">La collezione outdoor denominata Dome Nomad si ispira alle cupole di Venezia. Dome Nomad \u00e8 una lampada da esterno la cui forma a cupola rappresenta l&#8217;eternit\u00e0 e la vastit\u00e0 della volta celeste. La forma a cupola della sezione in vetro soffiato \u00e8 disponibile in due varianti: vetro trasparente liscio o vetro trasparente ondulato. Dome Nomad \u00e8 una lampada da esterno portatile e ricaricabile, le cui linee strizzano l&#8217;occhio all&#8217;architettura italiana. La luce delicata passa attraverso un diffusore opalino e l&#8217;omonimo paralume in vetro. La collezione Dome Nomad rispetta gli standard tecnologici e di sicurezza IP44 per l&#8217;illuminazione da esterni. Il design semplice \u00e8 caratterizzato da un raffinato acciaio inossidabile rifinito con un rivestimento a polvere ecologico per un&#8217;eccezionale resistenza agli elementi. La sorgente LED pu\u00f2 resistere a temperature gelide. Per realizzare il paralume in vetro vengono utilizzati pi\u00f9 strati di vetro fuso e ognuno di essi \u00e8 sottoposto al massimo controllo da parte dei maestri vetrai prima di essere soffiato nello stampo.<\/p>\n<\/div>\n<\/div>\n<\/div>\n<\/div>\n<\/section>\n<div class=\"elementor-widget-container\">\n<p>Dome Nomad \u00e8 una nuova lampada portatile che pu\u00f2 essere facilmente sollevata tramite un anello metallico fissato alla parte superiore della cupola di vetro, con una mano sotto la base, che ospita l&#8217;elettronica e un connettore di ricarica magnetico. Dome Nomad pu\u00f2 essere posizionato su un tavolo o sul pavimento. \u00c8 un&#8217;esperienza progettuale che aggiunge un fascino speciale sia ai giardini e ai terrazzi che agli spazi interni.<\/p>\n<\/div>\n<\/div>\n<\/div>\n<\/div>\n<\/section>\n<\/div>\n<\/div>\n<\/div>\n<\/div>\n<\/div>\n<\/div>\n<\/div>\n<\/section>\n<\/div>\n<\/div>\n<p>&nbsp;<\/p>\n","protected":false},"featured_media":34575,"template":"","meta":{"_acf_changed":false},"product_brand":[],"product_cat":[15,190],"product_tag":[],"class_list":{"0":"post-34563","1":"product","2":"type-product","3":"status-publish","4":"has-post-thumbnail","6":"product_cat-tutti","7":"product_cat-illuminazione","8":"pa_brand-brokis","10":"first","11":"instock","12":"sale","13":"taxable","14":"shipping-taxable","15":"purchasable","16":"product-type-simple"},"acf":[],"yoast_head":"<!-- This site is optimized with the Yoast SEO plugin v27.1.1 - https:\/\/yoast.com\/product\/yoast-seo-wordpress\/ -->\n<title>DOME NOMAD LARGE LAMPADA DA TAVOLO PORTATILE - GRIGIO FUM\u00c8\/OTTONE - Casaglam<\/title>\n<meta name=\"description\" content=\"La collezione outdoor denominata Dome Nomad si ispira alle cupole di Venezia. Dome Nomad \u00e8 una lampada da esterno la cui forma a cupola rappresenta l&#039;eternit\u00e0 e la vastit\u00e0 della volta celeste. La forma a cupola della sezione in vetro soffiato \u00e8 disponibile in due varianti: vetro trasparente liscio o vetro trasparente ondulato. Dome Nomad \u00e8 una lampada da esterno portatile e ricaricabile, le cui linee strizzano l&#039;occhio all&#039;architettura italiana. La luce delicata passa attraverso un diffusore opalino e l&#039;omonimo paralume in vetro. La collezione Dome Nomad rispetta gli standard tecnologici e di sicurezza IP44 per l&#039;illuminazione da esterni. Il design semplice \u00e8 caratterizzato da un raffinato acciaio inossidabile rifinito con un rivestimento a polvere ecologico per un&#039;eccezionale resistenza agli elementi. La sorgente LED pu\u00f2 resistere a temperature gelide. Per realizzare il paralume in vetro vengono utilizzati pi\u00f9 strati di vetro fuso e ognuno di essi \u00e8 sottoposto al massimo controllo da parte dei maestri vetrai prima di essere soffiato nello stampo.Dome Nomad \u00e8 una nuova lampada portatile che pu\u00f2 essere facilmente sollevata tramite un anello metallico fissato alla parte superiore della cupola di vetro, con una mano sotto la base, che ospita l&#039;elettronica e un connettore di ricarica magnetico. Dome Nomad pu\u00f2 essere posizionato su un tavolo o sul pavimento. \u00c8 un&#039;esperienza progettuale che aggiunge un fascino speciale sia ai giardini e ai terrazzi che agli spazi interni.\" \/>\n<meta name=\"robots\" content=\"index, follow, max-snippet:-1, max-image-preview:large, max-video-preview:-1\" \/>\n<link rel=\"canonical\" href=\"https:\/\/casaglam.eu\/it\/outlet\/dome-nomad-large-lampada-da-tavolo-portatile-grigio-fume-ottone\/\" \/>\n<meta property=\"og:locale\" content=\"it_IT\" \/>\n<meta property=\"og:type\" content=\"article\" \/>\n<meta property=\"og:title\" content=\"DOME NOMAD LARGE LAMPADA DA TAVOLO PORTATILE - GRIGIO FUM\u00c8\/OTTONE - Casaglam\" \/>\n<meta property=\"og:description\" content=\"La collezione outdoor denominata Dome Nomad si ispira alle cupole di Venezia. Dome Nomad \u00e8 una lampada da esterno la cui forma a cupola rappresenta l&#039;eternit\u00e0 e la vastit\u00e0 della volta celeste. La forma a cupola della sezione in vetro soffiato \u00e8 disponibile in due varianti: vetro trasparente liscio o vetro trasparente ondulato. Dome Nomad \u00e8 una lampada da esterno portatile e ricaricabile, le cui linee strizzano l&#039;occhio all&#039;architettura italiana. La luce delicata passa attraverso un diffusore opalino e l&#039;omonimo paralume in vetro. La collezione Dome Nomad rispetta gli standard tecnologici e di sicurezza IP44 per l&#039;illuminazione da esterni. Il design semplice \u00e8 caratterizzato da un raffinato acciaio inossidabile rifinito con un rivestimento a polvere ecologico per un&#039;eccezionale resistenza agli elementi. La sorgente LED pu\u00f2 resistere a temperature gelide. Per realizzare il paralume in vetro vengono utilizzati pi\u00f9 strati di vetro fuso e ognuno di essi \u00e8 sottoposto al massimo controllo da parte dei maestri vetrai prima di essere soffiato nello stampo.Dome Nomad \u00e8 una nuova lampada portatile che pu\u00f2 essere facilmente sollevata tramite un anello metallico fissato alla parte superiore della cupola di vetro, con una mano sotto la base, che ospita l&#039;elettronica e un connettore di ricarica magnetico. Dome Nomad pu\u00f2 essere posizionato su un tavolo o sul pavimento. \u00c8 un&#039;esperienza progettuale che aggiunge un fascino speciale sia ai giardini e ai terrazzi che agli spazi interni.\" \/>\n<meta property=\"og:url\" content=\"https:\/\/casaglam.eu\/it\/outlet\/dome-nomad-large-lampada-da-tavolo-portatile-grigio-fume-ottone\/\" \/>\n<meta property=\"og:site_name\" content=\"Casaglam\" \/>\n<meta property=\"article:modified_time\" content=\"2024-12-03T10:54:57+00:00\" \/>\n<meta property=\"og:image\" content=\"https:\/\/casaglam.eu\/wp-content\/uploads\/2024\/11\/dome-nomad-lines-large-table-floor-lamp-1.jpg\" \/>\n\t<meta property=\"og:image:width\" content=\"1200\" \/>\n\t<meta property=\"og:image:height\" content=\"900\" \/>\n\t<meta property=\"og:image:type\" content=\"image\/jpeg\" \/>\n<meta name=\"twitter:card\" content=\"summary_large_image\" \/>\n<meta name=\"twitter:label1\" content=\"Tempo di lettura stimato\" \/>\n\t<meta name=\"twitter:data1\" content=\"1 minuto\" \/>\n<script type=\"application\/ld+json\" class=\"yoast-schema-graph\">{\"@context\":\"https:\/\/schema.org\",\"@graph\":[{\"@type\":\"WebPage\",\"@id\":\"https:\/\/casaglam.eu\/it\/outlet\/dome-nomad-large-lampada-da-tavolo-portatile-grigio-fume-ottone\/\",\"url\":\"https:\/\/casaglam.eu\/it\/outlet\/dome-nomad-large-lampada-da-tavolo-portatile-grigio-fume-ottone\/\",\"name\":\"DOME NOMAD LARGE LAMPADA DA TAVOLO PORTATILE - GRIGIO FUM\u00c8\/OTTONE - Casaglam\",\"isPartOf\":{\"@id\":\"https:\/\/casaglam.eu\/#website\"},\"primaryImageOfPage\":{\"@id\":\"https:\/\/casaglam.eu\/it\/outlet\/dome-nomad-large-lampada-da-tavolo-portatile-grigio-fume-ottone\/#primaryimage\"},\"image\":{\"@id\":\"https:\/\/casaglam.eu\/it\/outlet\/dome-nomad-large-lampada-da-tavolo-portatile-grigio-fume-ottone\/#primaryimage\"},\"thumbnailUrl\":\"https:\/\/casaglam.eu\/wp-content\/uploads\/2024\/11\/dome-nomad-lines-large-table-floor-lamp-1.jpg\",\"datePublished\":\"2024-11-15T10:27:25+00:00\",\"dateModified\":\"2024-12-03T10:54:57+00:00\",\"description\":\"La collezione outdoor denominata Dome Nomad si ispira alle cupole di Venezia. Dome Nomad \u00e8 una lampada da esterno la cui forma a cupola rappresenta l'eternit\u00e0 e la vastit\u00e0 della volta celeste. La forma a cupola della sezione in vetro soffiato \u00e8 disponibile in due varianti: vetro trasparente liscio o vetro trasparente ondulato. Dome Nomad \u00e8 una lampada da esterno portatile e ricaricabile, le cui linee strizzano l'occhio all'architettura italiana. La luce delicata passa attraverso un diffusore opalino e l'omonimo paralume in vetro. La collezione Dome Nomad rispetta gli standard tecnologici e di sicurezza IP44 per l'illuminazione da esterni. Il design semplice \u00e8 caratterizzato da un raffinato acciaio inossidabile rifinito con un rivestimento a polvere ecologico per un'eccezionale resistenza agli elementi. La sorgente LED pu\u00f2 resistere a temperature gelide. Per realizzare il paralume in vetro vengono utilizzati pi\u00f9 strati di vetro fuso e ognuno di essi \u00e8 sottoposto al massimo controllo da parte dei maestri vetrai prima di essere soffiato nello stampo.Dome Nomad \u00e8 una nuova lampada portatile che pu\u00f2 essere facilmente sollevata tramite un anello metallico fissato alla parte superiore della cupola di vetro, con una mano sotto la base, che ospita l'elettronica e un connettore di ricarica magnetico. Dome Nomad pu\u00f2 essere posizionato su un tavolo o sul pavimento. \u00c8 un'esperienza progettuale che aggiunge un fascino speciale sia ai giardini e ai terrazzi che agli spazi interni.\",\"breadcrumb\":{\"@id\":\"https:\/\/casaglam.eu\/it\/outlet\/dome-nomad-large-lampada-da-tavolo-portatile-grigio-fume-ottone\/#breadcrumb\"},\"inLanguage\":\"it-IT\",\"potentialAction\":[{\"@type\":\"ReadAction\",\"target\":[\"https:\/\/casaglam.eu\/it\/outlet\/dome-nomad-large-lampada-da-tavolo-portatile-grigio-fume-ottone\/\"]}]},{\"@type\":\"ImageObject\",\"inLanguage\":\"it-IT\",\"@id\":\"https:\/\/casaglam.eu\/it\/outlet\/dome-nomad-large-lampada-da-tavolo-portatile-grigio-fume-ottone\/#primaryimage\",\"url\":\"https:\/\/casaglam.eu\/wp-content\/uploads\/2024\/11\/dome-nomad-lines-large-table-floor-lamp-1.jpg\",\"contentUrl\":\"https:\/\/casaglam.eu\/wp-content\/uploads\/2024\/11\/dome-nomad-lines-large-table-floor-lamp-1.jpg\",\"width\":1200,\"height\":900},{\"@type\":\"BreadcrumbList\",\"@id\":\"https:\/\/casaglam.eu\/it\/outlet\/dome-nomad-large-lampada-da-tavolo-portatile-grigio-fume-ottone\/#breadcrumb\",\"itemListElement\":[{\"@type\":\"ListItem\",\"position\":1,\"name\":\"Home\",\"item\":\"https:\/\/casaglam.eu\/it\/\"},{\"@type\":\"ListItem\",\"position\":2,\"name\":\"Outlet\",\"item\":\"https:\/\/casaglam.eu\/it\/outlet\/\"},{\"@type\":\"ListItem\",\"position\":3,\"name\":\"DOME NOMAD LARGE LAMPADA DA TAVOLO PORTATILE &#8211; GRIGIO FUM\u00c8\/OTTONE\"}]},{\"@type\":\"WebSite\",\"@id\":\"https:\/\/casaglam.eu\/#website\",\"url\":\"https:\/\/casaglam.eu\/\",\"name\":\"Casaglam\",\"description\":\"\",\"potentialAction\":[{\"@type\":\"SearchAction\",\"target\":{\"@type\":\"EntryPoint\",\"urlTemplate\":\"https:\/\/casaglam.eu\/?s={search_term_string}\"},\"query-input\":{\"@type\":\"PropertyValueSpecification\",\"valueRequired\":true,\"valueName\":\"search_term_string\"}}],\"inLanguage\":\"it-IT\"}]}<\/script>\n<!-- \/ Yoast SEO plugin. -->","yoast_head_json":{"title":"DOME NOMAD LARGE LAMPADA DA TAVOLO PORTATILE - GRIGIO FUM\u00c8\/OTTONE - Casaglam","description":"La collezione outdoor denominata Dome Nomad si ispira alle cupole di Venezia. Dome Nomad \u00e8 una lampada da esterno la cui forma a cupola rappresenta l'eternit\u00e0 e la vastit\u00e0 della volta celeste. La forma a cupola della sezione in vetro soffiato \u00e8 disponibile in due varianti: vetro trasparente liscio o vetro trasparente ondulato. Dome Nomad \u00e8 una lampada da esterno portatile e ricaricabile, le cui linee strizzano l'occhio all'architettura italiana. La luce delicata passa attraverso un diffusore opalino e l'omonimo paralume in vetro. La collezione Dome Nomad rispetta gli standard tecnologici e di sicurezza IP44 per l'illuminazione da esterni. Il design semplice \u00e8 caratterizzato da un raffinato acciaio inossidabile rifinito con un rivestimento a polvere ecologico per un'eccezionale resistenza agli elementi. La sorgente LED pu\u00f2 resistere a temperature gelide. Per realizzare il paralume in vetro vengono utilizzati pi\u00f9 strati di vetro fuso e ognuno di essi \u00e8 sottoposto al massimo controllo da parte dei maestri vetrai prima di essere soffiato nello stampo.Dome Nomad \u00e8 una nuova lampada portatile che pu\u00f2 essere facilmente sollevata tramite un anello metallico fissato alla parte superiore della cupola di vetro, con una mano sotto la base, che ospita l'elettronica e un connettore di ricarica magnetico. Dome Nomad pu\u00f2 essere posizionato su un tavolo o sul pavimento. \u00c8 un'esperienza progettuale che aggiunge un fascino speciale sia ai giardini e ai terrazzi che agli spazi interni.","robots":{"index":"index","follow":"follow","max-snippet":"max-snippet:-1","max-image-preview":"max-image-preview:large","max-video-preview":"max-video-preview:-1"},"canonical":"https:\/\/casaglam.eu\/it\/outlet\/dome-nomad-large-lampada-da-tavolo-portatile-grigio-fume-ottone\/","og_locale":"it_IT","og_type":"article","og_title":"DOME NOMAD LARGE LAMPADA DA TAVOLO PORTATILE - GRIGIO FUM\u00c8\/OTTONE - Casaglam","og_description":"La collezione outdoor denominata Dome Nomad si ispira alle cupole di Venezia. Dome Nomad \u00e8 una lampada da esterno la cui forma a cupola rappresenta l'eternit\u00e0 e la vastit\u00e0 della volta celeste. La forma a cupola della sezione in vetro soffiato \u00e8 disponibile in due varianti: vetro trasparente liscio o vetro trasparente ondulato. Dome Nomad \u00e8 una lampada da esterno portatile e ricaricabile, le cui linee strizzano l'occhio all'architettura italiana. La luce delicata passa attraverso un diffusore opalino e l'omonimo paralume in vetro. La collezione Dome Nomad rispetta gli standard tecnologici e di sicurezza IP44 per l'illuminazione da esterni. Il design semplice \u00e8 caratterizzato da un raffinato acciaio inossidabile rifinito con un rivestimento a polvere ecologico per un'eccezionale resistenza agli elementi. La sorgente LED pu\u00f2 resistere a temperature gelide. Per realizzare il paralume in vetro vengono utilizzati pi\u00f9 strati di vetro fuso e ognuno di essi \u00e8 sottoposto al massimo controllo da parte dei maestri vetrai prima di essere soffiato nello stampo.Dome Nomad \u00e8 una nuova lampada portatile che pu\u00f2 essere facilmente sollevata tramite un anello metallico fissato alla parte superiore della cupola di vetro, con una mano sotto la base, che ospita l'elettronica e un connettore di ricarica magnetico. Dome Nomad pu\u00f2 essere posizionato su un tavolo o sul pavimento. \u00c8 un'esperienza progettuale che aggiunge un fascino speciale sia ai giardini e ai terrazzi che agli spazi interni.","og_url":"https:\/\/casaglam.eu\/it\/outlet\/dome-nomad-large-lampada-da-tavolo-portatile-grigio-fume-ottone\/","og_site_name":"Casaglam","article_modified_time":"2024-12-03T10:54:57+00:00","og_image":[{"width":1200,"height":900,"url":"https:\/\/casaglam.eu\/wp-content\/uploads\/2024\/11\/dome-nomad-lines-large-table-floor-lamp-1.jpg","type":"image\/jpeg"}],"twitter_card":"summary_large_image","twitter_misc":{"Tempo di lettura stimato":"1 minuto"},"schema":{"@context":"https:\/\/schema.org","@graph":[{"@type":"WebPage","@id":"https:\/\/casaglam.eu\/it\/outlet\/dome-nomad-large-lampada-da-tavolo-portatile-grigio-fume-ottone\/","url":"https:\/\/casaglam.eu\/it\/outlet\/dome-nomad-large-lampada-da-tavolo-portatile-grigio-fume-ottone\/","name":"DOME NOMAD LARGE LAMPADA DA TAVOLO PORTATILE - GRIGIO FUM\u00c8\/OTTONE - Casaglam","isPartOf":{"@id":"https:\/\/casaglam.eu\/#website"},"primaryImageOfPage":{"@id":"https:\/\/casaglam.eu\/it\/outlet\/dome-nomad-large-lampada-da-tavolo-portatile-grigio-fume-ottone\/#primaryimage"},"image":{"@id":"https:\/\/casaglam.eu\/it\/outlet\/dome-nomad-large-lampada-da-tavolo-portatile-grigio-fume-ottone\/#primaryimage"},"thumbnailUrl":"https:\/\/casaglam.eu\/wp-content\/uploads\/2024\/11\/dome-nomad-lines-large-table-floor-lamp-1.jpg","datePublished":"2024-11-15T10:27:25+00:00","dateModified":"2024-12-03T10:54:57+00:00","description":"La collezione outdoor denominata Dome Nomad si ispira alle cupole di Venezia. Dome Nomad \u00e8 una lampada da esterno la cui forma a cupola rappresenta l'eternit\u00e0 e la vastit\u00e0 della volta celeste. La forma a cupola della sezione in vetro soffiato \u00e8 disponibile in due varianti: vetro trasparente liscio o vetro trasparente ondulato. Dome Nomad \u00e8 una lampada da esterno portatile e ricaricabile, le cui linee strizzano l'occhio all'architettura italiana. La luce delicata passa attraverso un diffusore opalino e l'omonimo paralume in vetro. La collezione Dome Nomad rispetta gli standard tecnologici e di sicurezza IP44 per l'illuminazione da esterni. Il design semplice \u00e8 caratterizzato da un raffinato acciaio inossidabile rifinito con un rivestimento a polvere ecologico per un'eccezionale resistenza agli elementi. La sorgente LED pu\u00f2 resistere a temperature gelide. Per realizzare il paralume in vetro vengono utilizzati pi\u00f9 strati di vetro fuso e ognuno di essi \u00e8 sottoposto al massimo controllo da parte dei maestri vetrai prima di essere soffiato nello stampo.Dome Nomad \u00e8 una nuova lampada portatile che pu\u00f2 essere facilmente sollevata tramite un anello metallico fissato alla parte superiore della cupola di vetro, con una mano sotto la base, che ospita l'elettronica e un connettore di ricarica magnetico. Dome Nomad pu\u00f2 essere posizionato su un tavolo o sul pavimento. \u00c8 un'esperienza progettuale che aggiunge un fascino speciale sia ai giardini e ai terrazzi che agli spazi interni.","breadcrumb":{"@id":"https:\/\/casaglam.eu\/it\/outlet\/dome-nomad-large-lampada-da-tavolo-portatile-grigio-fume-ottone\/#breadcrumb"},"inLanguage":"it-IT","potentialAction":[{"@type":"ReadAction","target":["https:\/\/casaglam.eu\/it\/outlet\/dome-nomad-large-lampada-da-tavolo-portatile-grigio-fume-ottone\/"]}]},{"@type":"ImageObject","inLanguage":"it-IT","@id":"https:\/\/casaglam.eu\/it\/outlet\/dome-nomad-large-lampada-da-tavolo-portatile-grigio-fume-ottone\/#primaryimage","url":"https:\/\/casaglam.eu\/wp-content\/uploads\/2024\/11\/dome-nomad-lines-large-table-floor-lamp-1.jpg","contentUrl":"https:\/\/casaglam.eu\/wp-content\/uploads\/2024\/11\/dome-nomad-lines-large-table-floor-lamp-1.jpg","width":1200,"height":900},{"@type":"BreadcrumbList","@id":"https:\/\/casaglam.eu\/it\/outlet\/dome-nomad-large-lampada-da-tavolo-portatile-grigio-fume-ottone\/#breadcrumb","itemListElement":[{"@type":"ListItem","position":1,"name":"Home","item":"https:\/\/casaglam.eu\/it\/"},{"@type":"ListItem","position":2,"name":"Outlet","item":"https:\/\/casaglam.eu\/it\/outlet\/"},{"@type":"ListItem","position":3,"name":"DOME NOMAD LARGE LAMPADA DA TAVOLO PORTATILE &#8211; GRIGIO FUM\u00c8\/OTTONE"}]},{"@type":"WebSite","@id":"https:\/\/casaglam.eu\/#website","url":"https:\/\/casaglam.eu\/","name":"Casaglam","description":"","potentialAction":[{"@type":"SearchAction","target":{"@type":"EntryPoint","urlTemplate":"https:\/\/casaglam.eu\/?s={search_term_string}"},"query-input":{"@type":"PropertyValueSpecification","valueRequired":true,"valueName":"search_term_string"}}],"inLanguage":"it-IT"}]}},"_links":{"self":[{"href":"https:\/\/casaglam.eu\/it\/wp-json\/wp\/v2\/product\/34563","targetHints":{"allow":["GET"]}}],"collection":[{"href":"https:\/\/casaglam.eu\/it\/wp-json\/wp\/v2\/product"}],"about":[{"href":"https:\/\/casaglam.eu\/it\/wp-json\/wp\/v2\/types\/product"}],"wp:featuredmedia":[{"embeddable":true,"href":"https:\/\/casaglam.eu\/it\/wp-json\/wp\/v2\/media\/34575"}],"wp:attachment":[{"href":"https:\/\/casaglam.eu\/it\/wp-json\/wp\/v2\/media?parent=34563"}],"wp:term":[{"taxonomy":"product_brand","embeddable":true,"href":"https:\/\/casaglam.eu\/it\/wp-json\/wp\/v2\/product_brand?post=34563"},{"taxonomy":"product_cat","embeddable":true,"href":"https:\/\/casaglam.eu\/it\/wp-json\/wp\/v2\/product_cat?post=34563"},{"taxonomy":"product_tag","embeddable":true,"href":"https:\/\/casaglam.eu\/it\/wp-json\/wp\/v2\/product_tag?post=34563"}],"curies":[{"name":"wp","href":"https:\/\/api.w.org\/{rel}","templated":true}]}}