{"id":34918,"date":"2024-11-20T14:16:26","date_gmt":"2024-11-20T13:16:26","guid":{"rendered":"https:\/\/casaglam.eu\/?post_type=product&#038;p=34918"},"modified":"2024-11-22T13:25:01","modified_gmt":"2024-11-22T12:25:01","slug":"lampada-da-terra-luna-orizzontale-tato","status":"publish","type":"product","link":"https:\/\/casaglam.eu\/it\/outlet\/lampada-da-terra-luna-orizzontale-tato\/","title":{"rendered":"LAMPADA DA TERRA LUNA ORIZZONTALE TATO"},"content":{"rendered":"<p><strong>Finitura: <\/strong>Nickel satinato<\/p>\n<p><strong>Dimensioni:<\/strong>\u00a050 x 50 x 80 cm<\/p>\n<div class=\"product__description rte\">\n<p><strong>Materiali:<\/strong>\u00a0Ottone, plastica<\/p>\n<p><strong>Lampadine:<\/strong>\u00a03xLED max 8W E27-220V \/ E26-110V<\/p>\n<p><strong>Download\u00a0 \u00a0 \u00a0 \u00a0 \u00a0 <a href=\"https:\/\/casaglam.eu\/wp-content\/uploads\/2024\/11\/LunaOrizzontale.pdf\">LunaOrizzontale<\/a><\/strong><\/p>\n<\/div>\n<div class=\"product__form-container\">\n<div class=\"product__form-wrapper product__form-wrapper--bottom\">\n<div class=\"product-form__item supports-js\"><\/div>\n<\/div>\n<\/div>\n<p>&nbsp;<\/p>\n<p>&nbsp;<\/p>\n","protected":false},"excerpt":{"rendered":"<div class=\"elementor elementor-10 elementor-location-header\" data-elementor-type=\"header\" data-elementor-id=\"10\" data-elementor-post-type=\"elementor_library\">\n<section class=\"elementor-section elementor-top-section elementor-element elementor-element-66865dd elementor-section-boxed elementor-section-height-default elementor-section-height-default elementor-sticky elementor-sticky--active elementor-section--handles-inside elementor-sticky--effects\" data-id=\"66865dd\" data-element_type=\"section\" data-settings=\"{&quot;background_background&quot;:&quot;classic&quot;,&quot;sticky&quot;:&quot;top&quot;,&quot;sticky_on&quot;:[&quot;desktop&quot;,&quot;tablet&quot;],&quot;sticky_offset&quot;:0,&quot;sticky_effects_offset&quot;:0}\">\n<div class=\"elementor-container elementor-column-gap-no\">\n<div class=\"elementor-column elementor-col-100 elementor-top-column elementor-element elementor-element-57c790e\" data-id=\"57c790e\" data-element_type=\"column\">\n<div class=\"elementor-widget-wrap elementor-element-populated\">\n<section class=\"elementor-section elementor-inner-section elementor-element elementor-element-7768a28 elementor-section-boxed elementor-section-height-default elementor-section-height-default\" data-id=\"7768a28\" data-element_type=\"section\">\n<div class=\"elementor-container elementor-column-gap-default\">\n<div class=\"elementor-column elementor-col-50 elementor-inner-column elementor-element elementor-element-bb84a13\" data-id=\"bb84a13\" data-element_type=\"column\">\n<div class=\"elementor-widget-wrap elementor-element-populated\">\n<div class=\"elementor-element elementor-element-57da4fe elementor-widget elementor-widget-theme-site-logo elementor-widget-image\" data-id=\"57da4fe\" data-element_type=\"widget\" data-widget_type=\"theme-site-logo.default\">\n<div class=\"elementor-widget-container\"><span style=\"color: #000000;font-size: 60px\">LUNA ORIZZONTALE<\/span><\/div>\n<\/div>\n<\/div>\n<\/div>\n<\/div>\n<\/section>\n<\/div>\n<\/div>\n<\/div>\n<\/section>\n<\/div>\n<h2 class=\"page-header\">Gio Ponti &#8211; 1957<\/h2>\n<div class=\"page-content\">\n<div class=\"elementor elementor-1803\" data-elementor-type=\"wp-post\" data-elementor-id=\"1803\" data-elementor-post-type=\"brokis-collections\">\n<section class=\"elementor-section elementor-top-section elementor-element elementor-element-d1898f0 elementor-section-full_width elementor-section-height-default elementor-section-height-default\" data-id=\"d1898f0\" data-element_type=\"section\">\n<div class=\"elementor-container elementor-column-gap-no\">\n<div class=\"elementor-column elementor-col-100 elementor-top-column elementor-element elementor-element-2fed77a\" data-id=\"2fed77a\" data-element_type=\"column\">\n<div class=\"elementor-widget-wrap elementor-element-populated\">\n<div class=\"elementor-element elementor-element-c44238e elementor-widget elementor-widget-template\" data-id=\"c44238e\" data-element_type=\"widget\" data-widget_type=\"template.default\">\n<div class=\"elementor-widget-container\">\n<div class=\"elementor-template\">\n<div class=\"elementor elementor-206\" data-elementor-type=\"section\" data-elementor-id=\"206\" data-elementor-post-type=\"elementor_library\">\n<section id=\"collection\" class=\"elementor-section elementor-top-section elementor-element elementor-element-9e92767 elementor-section-boxed elementor-section-height-default elementor-section-height-default\" data-id=\"9e92767\" data-element_type=\"section\">\n<div class=\"elementor-container elementor-column-gap-default\">\n<div class=\"elementor-column elementor-col-50 elementor-top-column elementor-element elementor-element-60188e3d\" data-id=\"60188e3d\" data-element_type=\"column\">\n<div class=\"elementor-widget-wrap elementor-element-populated\">\n<section class=\"elementor-section elementor-inner-section elementor-element elementor-element-1e795d9e elementor-section-boxed elementor-section-height-default elementor-section-height-default\" data-id=\"1e795d9e\" data-element_type=\"section\">\n<div class=\"elementor-container elementor-column-gap-no\">\n<div class=\"elementor-column elementor-col-50 elementor-inner-column elementor-element elementor-element-55417598\" data-id=\"55417598\" data-element_type=\"column\">\n<div class=\"elementor-widget-wrap elementor-element-populated\">\n<div class=\"elementor-element elementor-element-3aa2915e elementor-widget elementor-widget-text-editor\" data-id=\"3aa2915e\" data-element_type=\"widget\" data-widget_type=\"text-editor.default\">\n<p class=\"elementor-widget-container\">Gio Ponti ha sempre disegnato nel corso della sua vita, e ha messo la sua arte in molteplici ambiti.<br \/>\nPer la Triennale del 1957 costru\u00ec una casa prefabbricata e la riemp\u00ec di oggetti di sua invenzione. Luna era uno di quegli oggetti&#8230; ma \u00e8 rimasto solo un prototipo fino al 2017. La sperimentazione di nuovi materiali \u00e8 stata alla base del lavoro di Ponti: la termoformatura della plastica gli ha permesso di dare vita a questo oggetto che, per l&#8217;epoca, era molto futuristico.<br \/>\nLa maniglia permette di spostare Luna per nuove configurazioni domestiche, caratteristica tanto cara al progettista.<\/p>\n<\/div>\n<\/div>\n<\/div>\n<div class=\"elementor-widget-wrap elementor-element-populated\">\n<div class=\"elementor-element elementor-element-6f2945ed elementor-widget elementor-widget-image\" data-id=\"6f2945ed\" data-element_type=\"widget\" data-widget_type=\"image.default\"><\/div>\n<\/div>\n<\/div>\n<\/section>\n<div class=\"elementor-widget-container\">\n<p>&nbsp;<\/p>\n<\/div>\n<\/div>\n<\/div>\n<\/div>\n<\/section>\n<\/div>\n<\/div>\n<\/div>\n<\/div>\n<\/div>\n<\/div>\n<\/div>\n<\/section>\n<\/div>\n<\/div>\n<p>&nbsp;<\/p>\n","protected":false},"featured_media":34924,"template":"","meta":{"_acf_changed":false},"product_brand":[],"product_cat":[190,15],"product_tag":[],"class_list":{"0":"post-34918","1":"product","2":"type-product","3":"status-publish","4":"has-post-thumbnail","6":"product_cat-illuminazione","7":"product_cat-tutti","8":"pa_brand-tato","10":"first","11":"instock","12":"sale","13":"taxable","14":"shipping-taxable","15":"purchasable","16":"product-type-simple"},"acf":[],"yoast_head":"<!-- This site is optimized with the Yoast SEO plugin v27.4 - https:\/\/yoast.com\/product\/yoast-seo-wordpress\/ -->\n<title>LAMPADA DA TERRA LUNA ORIZZONTALE TATO - Casaglam<\/title>\n<meta name=\"description\" content=\"Gio Ponti ha sempre disegnato nel corso della sua vita, e ha messo la sua arte in molteplici ambiti.Per la Triennale del 1957 costru\u00ec una casa prefabbricata e la riemp\u00ec di oggetti di sua invenzione. Luna era uno di quegli oggetti... ma \u00e8 rimasto solo un prototipo fino al 2017. La sperimentazione di nuovi materiali \u00e8 stata alla base del lavoro di Ponti: la termoformatura della plastica gli ha permesso di dare vita a questo oggetto che, per l&#039;epoca, era molto futuristico.La maniglia permette di spostare Luna per nuove configurazioni domestiche, caratteristica tanto cara al progettista.\" \/>\n<meta name=\"robots\" content=\"index, follow, max-snippet:-1, max-image-preview:large, max-video-preview:-1\" \/>\n<link rel=\"canonical\" href=\"https:\/\/casaglam.eu\/it\/outlet\/lampada-da-terra-luna-orizzontale-tato\/\" \/>\n<meta property=\"og:locale\" content=\"it_IT\" \/>\n<meta property=\"og:type\" content=\"article\" \/>\n<meta property=\"og:title\" content=\"LAMPADA DA TERRA LUNA ORIZZONTALE TATO - Casaglam\" \/>\n<meta property=\"og:description\" content=\"Gio Ponti ha sempre disegnato nel corso della sua vita, e ha messo la sua arte in molteplici ambiti.Per la Triennale del 1957 costru\u00ec una casa prefabbricata e la riemp\u00ec di oggetti di sua invenzione. Luna era uno di quegli oggetti... ma \u00e8 rimasto solo un prototipo fino al 2017. La sperimentazione di nuovi materiali \u00e8 stata alla base del lavoro di Ponti: la termoformatura della plastica gli ha permesso di dare vita a questo oggetto che, per l&#039;epoca, era molto futuristico.La maniglia permette di spostare Luna per nuove configurazioni domestiche, caratteristica tanto cara al progettista.\" \/>\n<meta property=\"og:url\" content=\"https:\/\/casaglam.eu\/it\/outlet\/lampada-da-terra-luna-orizzontale-tato\/\" \/>\n<meta property=\"og:site_name\" content=\"Casaglam\" \/>\n<meta property=\"article:modified_time\" content=\"2024-11-22T12:25:01+00:00\" \/>\n<meta property=\"og:image\" content=\"https:\/\/casaglam.eu\/wp-content\/uploads\/2024\/11\/lampada-luna-tato.jpg\" \/>\n\t<meta property=\"og:image:width\" content=\"500\" \/>\n\t<meta property=\"og:image:height\" content=\"500\" \/>\n\t<meta property=\"og:image:type\" content=\"image\/jpeg\" \/>\n<meta name=\"twitter:card\" content=\"summary_large_image\" \/>\n<meta name=\"twitter:label1\" content=\"Tempo di lettura stimato\" \/>\n\t<meta name=\"twitter:data1\" content=\"1 minuto\" \/>\n<script type=\"application\/ld+json\" class=\"yoast-schema-graph\">{\"@context\":\"https:\\\/\\\/schema.org\",\"@graph\":[{\"@type\":\"WebPage\",\"@id\":\"https:\\\/\\\/casaglam.eu\\\/it\\\/outlet\\\/lampada-da-terra-luna-orizzontale-tato\\\/\",\"url\":\"https:\\\/\\\/casaglam.eu\\\/it\\\/outlet\\\/lampada-da-terra-luna-orizzontale-tato\\\/\",\"name\":\"LAMPADA DA TERRA LUNA ORIZZONTALE TATO - Casaglam\",\"isPartOf\":{\"@id\":\"https:\\\/\\\/casaglam.eu\\\/#website\"},\"primaryImageOfPage\":{\"@id\":\"https:\\\/\\\/casaglam.eu\\\/it\\\/outlet\\\/lampada-da-terra-luna-orizzontale-tato\\\/#primaryimage\"},\"image\":{\"@id\":\"https:\\\/\\\/casaglam.eu\\\/it\\\/outlet\\\/lampada-da-terra-luna-orizzontale-tato\\\/#primaryimage\"},\"thumbnailUrl\":\"https:\\\/\\\/casaglam.eu\\\/wp-content\\\/uploads\\\/2024\\\/11\\\/lampada-luna-tato.jpg\",\"datePublished\":\"2024-11-20T13:16:26+00:00\",\"dateModified\":\"2024-11-22T12:25:01+00:00\",\"description\":\"Gio Ponti ha sempre disegnato nel corso della sua vita, e ha messo la sua arte in molteplici ambiti.Per la Triennale del 1957 costru\u00ec una casa prefabbricata e la riemp\u00ec di oggetti di sua invenzione. Luna era uno di quegli oggetti... ma \u00e8 rimasto solo un prototipo fino al 2017. La sperimentazione di nuovi materiali \u00e8 stata alla base del lavoro di Ponti: la termoformatura della plastica gli ha permesso di dare vita a questo oggetto che, per l'epoca, era molto futuristico.La maniglia permette di spostare Luna per nuove configurazioni domestiche, caratteristica tanto cara al progettista.\",\"breadcrumb\":{\"@id\":\"https:\\\/\\\/casaglam.eu\\\/it\\\/outlet\\\/lampada-da-terra-luna-orizzontale-tato\\\/#breadcrumb\"},\"inLanguage\":\"it-IT\",\"potentialAction\":[{\"@type\":\"ReadAction\",\"target\":[\"https:\\\/\\\/casaglam.eu\\\/it\\\/outlet\\\/lampada-da-terra-luna-orizzontale-tato\\\/\"]}]},{\"@type\":\"ImageObject\",\"inLanguage\":\"it-IT\",\"@id\":\"https:\\\/\\\/casaglam.eu\\\/it\\\/outlet\\\/lampada-da-terra-luna-orizzontale-tato\\\/#primaryimage\",\"url\":\"https:\\\/\\\/casaglam.eu\\\/wp-content\\\/uploads\\\/2024\\\/11\\\/lampada-luna-tato.jpg\",\"contentUrl\":\"https:\\\/\\\/casaglam.eu\\\/wp-content\\\/uploads\\\/2024\\\/11\\\/lampada-luna-tato.jpg\",\"width\":500,\"height\":500},{\"@type\":\"BreadcrumbList\",\"@id\":\"https:\\\/\\\/casaglam.eu\\\/it\\\/outlet\\\/lampada-da-terra-luna-orizzontale-tato\\\/#breadcrumb\",\"itemListElement\":[{\"@type\":\"ListItem\",\"position\":1,\"name\":\"Home\",\"item\":\"https:\\\/\\\/casaglam.eu\\\/it\\\/\"},{\"@type\":\"ListItem\",\"position\":2,\"name\":\"Outlet\",\"item\":\"https:\\\/\\\/casaglam.eu\\\/it\\\/outlet\\\/\"},{\"@type\":\"ListItem\",\"position\":3,\"name\":\"LAMPADA DA TERRA LUNA ORIZZONTALE TATO\"}]},{\"@type\":\"WebSite\",\"@id\":\"https:\\\/\\\/casaglam.eu\\\/#website\",\"url\":\"https:\\\/\\\/casaglam.eu\\\/\",\"name\":\"Casaglam\",\"description\":\"\",\"potentialAction\":[{\"@type\":\"SearchAction\",\"target\":{\"@type\":\"EntryPoint\",\"urlTemplate\":\"https:\\\/\\\/casaglam.eu\\\/?s={search_term_string}\"},\"query-input\":{\"@type\":\"PropertyValueSpecification\",\"valueRequired\":true,\"valueName\":\"search_term_string\"}}],\"inLanguage\":\"it-IT\"}]}<\/script>\n<!-- \/ Yoast SEO plugin. -->","yoast_head_json":{"title":"LAMPADA DA TERRA LUNA ORIZZONTALE TATO - Casaglam","description":"Gio Ponti ha sempre disegnato nel corso della sua vita, e ha messo la sua arte in molteplici ambiti.Per la Triennale del 1957 costru\u00ec una casa prefabbricata e la riemp\u00ec di oggetti di sua invenzione. Luna era uno di quegli oggetti... ma \u00e8 rimasto solo un prototipo fino al 2017. La sperimentazione di nuovi materiali \u00e8 stata alla base del lavoro di Ponti: la termoformatura della plastica gli ha permesso di dare vita a questo oggetto che, per l'epoca, era molto futuristico.La maniglia permette di spostare Luna per nuove configurazioni domestiche, caratteristica tanto cara al progettista.","robots":{"index":"index","follow":"follow","max-snippet":"max-snippet:-1","max-image-preview":"max-image-preview:large","max-video-preview":"max-video-preview:-1"},"canonical":"https:\/\/casaglam.eu\/it\/outlet\/lampada-da-terra-luna-orizzontale-tato\/","og_locale":"it_IT","og_type":"article","og_title":"LAMPADA DA TERRA LUNA ORIZZONTALE TATO - Casaglam","og_description":"Gio Ponti ha sempre disegnato nel corso della sua vita, e ha messo la sua arte in molteplici ambiti.Per la Triennale del 1957 costru\u00ec una casa prefabbricata e la riemp\u00ec di oggetti di sua invenzione. Luna era uno di quegli oggetti... ma \u00e8 rimasto solo un prototipo fino al 2017. La sperimentazione di nuovi materiali \u00e8 stata alla base del lavoro di Ponti: la termoformatura della plastica gli ha permesso di dare vita a questo oggetto che, per l'epoca, era molto futuristico.La maniglia permette di spostare Luna per nuove configurazioni domestiche, caratteristica tanto cara al progettista.","og_url":"https:\/\/casaglam.eu\/it\/outlet\/lampada-da-terra-luna-orizzontale-tato\/","og_site_name":"Casaglam","article_modified_time":"2024-11-22T12:25:01+00:00","og_image":[{"width":500,"height":500,"url":"https:\/\/casaglam.eu\/wp-content\/uploads\/2024\/11\/lampada-luna-tato.jpg","type":"image\/jpeg"}],"twitter_card":"summary_large_image","twitter_misc":{"Tempo di lettura stimato":"1 minuto"},"schema":{"@context":"https:\/\/schema.org","@graph":[{"@type":"WebPage","@id":"https:\/\/casaglam.eu\/it\/outlet\/lampada-da-terra-luna-orizzontale-tato\/","url":"https:\/\/casaglam.eu\/it\/outlet\/lampada-da-terra-luna-orizzontale-tato\/","name":"LAMPADA DA TERRA LUNA ORIZZONTALE TATO - Casaglam","isPartOf":{"@id":"https:\/\/casaglam.eu\/#website"},"primaryImageOfPage":{"@id":"https:\/\/casaglam.eu\/it\/outlet\/lampada-da-terra-luna-orizzontale-tato\/#primaryimage"},"image":{"@id":"https:\/\/casaglam.eu\/it\/outlet\/lampada-da-terra-luna-orizzontale-tato\/#primaryimage"},"thumbnailUrl":"https:\/\/casaglam.eu\/wp-content\/uploads\/2024\/11\/lampada-luna-tato.jpg","datePublished":"2024-11-20T13:16:26+00:00","dateModified":"2024-11-22T12:25:01+00:00","description":"Gio Ponti ha sempre disegnato nel corso della sua vita, e ha messo la sua arte in molteplici ambiti.Per la Triennale del 1957 costru\u00ec una casa prefabbricata e la riemp\u00ec di oggetti di sua invenzione. Luna era uno di quegli oggetti... ma \u00e8 rimasto solo un prototipo fino al 2017. La sperimentazione di nuovi materiali \u00e8 stata alla base del lavoro di Ponti: la termoformatura della plastica gli ha permesso di dare vita a questo oggetto che, per l'epoca, era molto futuristico.La maniglia permette di spostare Luna per nuove configurazioni domestiche, caratteristica tanto cara al progettista.","breadcrumb":{"@id":"https:\/\/casaglam.eu\/it\/outlet\/lampada-da-terra-luna-orizzontale-tato\/#breadcrumb"},"inLanguage":"it-IT","potentialAction":[{"@type":"ReadAction","target":["https:\/\/casaglam.eu\/it\/outlet\/lampada-da-terra-luna-orizzontale-tato\/"]}]},{"@type":"ImageObject","inLanguage":"it-IT","@id":"https:\/\/casaglam.eu\/it\/outlet\/lampada-da-terra-luna-orizzontale-tato\/#primaryimage","url":"https:\/\/casaglam.eu\/wp-content\/uploads\/2024\/11\/lampada-luna-tato.jpg","contentUrl":"https:\/\/casaglam.eu\/wp-content\/uploads\/2024\/11\/lampada-luna-tato.jpg","width":500,"height":500},{"@type":"BreadcrumbList","@id":"https:\/\/casaglam.eu\/it\/outlet\/lampada-da-terra-luna-orizzontale-tato\/#breadcrumb","itemListElement":[{"@type":"ListItem","position":1,"name":"Home","item":"https:\/\/casaglam.eu\/it\/"},{"@type":"ListItem","position":2,"name":"Outlet","item":"https:\/\/casaglam.eu\/it\/outlet\/"},{"@type":"ListItem","position":3,"name":"LAMPADA DA TERRA LUNA ORIZZONTALE TATO"}]},{"@type":"WebSite","@id":"https:\/\/casaglam.eu\/#website","url":"https:\/\/casaglam.eu\/","name":"Casaglam","description":"","potentialAction":[{"@type":"SearchAction","target":{"@type":"EntryPoint","urlTemplate":"https:\/\/casaglam.eu\/?s={search_term_string}"},"query-input":{"@type":"PropertyValueSpecification","valueRequired":true,"valueName":"search_term_string"}}],"inLanguage":"it-IT"}]}},"_links":{"self":[{"href":"https:\/\/casaglam.eu\/it\/wp-json\/wp\/v2\/product\/34918","targetHints":{"allow":["GET"]}}],"collection":[{"href":"https:\/\/casaglam.eu\/it\/wp-json\/wp\/v2\/product"}],"about":[{"href":"https:\/\/casaglam.eu\/it\/wp-json\/wp\/v2\/types\/product"}],"wp:featuredmedia":[{"embeddable":true,"href":"https:\/\/casaglam.eu\/it\/wp-json\/wp\/v2\/media\/34924"}],"wp:attachment":[{"href":"https:\/\/casaglam.eu\/it\/wp-json\/wp\/v2\/media?parent=34918"}],"wp:term":[{"taxonomy":"product_brand","embeddable":true,"href":"https:\/\/casaglam.eu\/it\/wp-json\/wp\/v2\/product_brand?post=34918"},{"taxonomy":"product_cat","embeddable":true,"href":"https:\/\/casaglam.eu\/it\/wp-json\/wp\/v2\/product_cat?post=34918"},{"taxonomy":"product_tag","embeddable":true,"href":"https:\/\/casaglam.eu\/it\/wp-json\/wp\/v2\/product_tag?post=34918"}],"curies":[{"name":"wp","href":"https:\/\/api.w.org\/{rel}","templated":true}]}}