{"id":34966,"date":"2024-12-03T11:55:58","date_gmt":"2024-12-03T10:55:58","guid":{"rendered":"https:\/\/casaglam.eu\/?post_type=product&#038;p=34966"},"modified":"2025-01-22T15:55:19","modified_gmt":"2025-01-22T14:55:19","slug":"brokis-planets-4-pc1237","status":"publish","type":"product","link":"https:\/\/casaglam.eu\/it\/outlet\/brokis-planets-4-pc1237\/","title":{"rendered":"BROKIS PLANETS 4 PC1237"},"content":{"rendered":"<p>Dimensioni: H 125 x L 205 cm<\/p>\n<p>Colore vetro: grigio fum\u00e9<\/p>\n<p>Superfice vetro: superfice acidata in entrambi lati<\/p>\n<p>Finitura corpo: metallo &#8211; verniciatura a polvere nera opaca con struttura<\/p>\n<p>Finitura baldacchino: metallo &#8211; verniciatura a polvere nera opaca con struttura<\/p>\n<p>Colore cavo: cavo tessile &#8211; nero<\/p>\n<p>DIM, 24V, LED, 19.7W, sorgente LED 2700K, versione non dimmerabile<\/p>\n<p>lunghezza totale del cono di sospensione: 1559 mm<\/p>\n<p>lunghezza totale della sfera di sospensione: 1554 mm<\/p>\n<p>lunghezza totale della capsula di sospensione: 1716 mm<\/p>\n<p>lunghezza totale del cono di sospensione: 1559 mm<\/p>\n<p>&nbsp;<\/p>\n<p>&nbsp;<\/p>\n","protected":false},"excerpt":{"rendered":"<div class=\"elementor elementor-10 elementor-location-header\" data-elementor-type=\"header\" data-elementor-id=\"10\" data-elementor-post-type=\"elementor_library\">\n<section class=\"elementor-section elementor-top-section elementor-element elementor-element-66865dd elementor-section-boxed elementor-section-height-default elementor-section-height-default elementor-sticky elementor-sticky--active elementor-section--handles-inside elementor-sticky--effects\" data-id=\"66865dd\" data-element_type=\"section\" data-settings=\"{&quot;background_background&quot;:&quot;classic&quot;,&quot;sticky&quot;:&quot;top&quot;,&quot;sticky_on&quot;:[&quot;desktop&quot;,&quot;tablet&quot;],&quot;sticky_offset&quot;:0,&quot;sticky_effects_offset&quot;:0}\">\n<div class=\"elementor-container elementor-column-gap-no\">\n<div class=\"elementor-column elementor-col-100 elementor-top-column elementor-element elementor-element-57c790e\" data-id=\"57c790e\" data-element_type=\"column\">\n<div class=\"elementor-widget-wrap elementor-element-populated\">\n<section class=\"elementor-section elementor-inner-section elementor-element elementor-element-7768a28 elementor-section-boxed elementor-section-height-default elementor-section-height-default\" data-id=\"7768a28\" data-element_type=\"section\">\n<div class=\"elementor-container elementor-column-gap-default\">\n<div class=\"elementor-column elementor-col-50 elementor-inner-column elementor-element elementor-element-bb84a13\" data-id=\"bb84a13\" data-element_type=\"column\">\n<div class=\"elementor-widget-wrap elementor-element-populated\">\n<div class=\"elementor-element elementor-element-57da4fe elementor-widget elementor-widget-theme-site-logo elementor-widget-image\" data-id=\"57da4fe\" data-element_type=\"widget\" data-widget_type=\"theme-site-logo.default\"><\/div>\n<\/div>\n<\/div>\n<\/div>\n<\/section>\n<\/div>\n<\/div>\n<\/div>\n<\/section>\n<\/div>\n<div class=\"page-content\">\n<div class=\"elementor elementor-1803\" data-elementor-type=\"wp-post\" data-elementor-id=\"1803\" data-elementor-post-type=\"brokis-collections\">\n<section class=\"elementor-section elementor-top-section elementor-element elementor-element-d1898f0 elementor-section-full_width elementor-section-height-default elementor-section-height-default\" data-id=\"d1898f0\" data-element_type=\"section\">\n<div class=\"elementor-container elementor-column-gap-no\">\n<div class=\"elementor-column elementor-col-100 elementor-top-column elementor-element elementor-element-2fed77a\" data-id=\"2fed77a\" data-element_type=\"column\">\n<div class=\"elementor-widget-wrap elementor-element-populated\">\n<div class=\"elementor-element elementor-element-c44238e elementor-widget elementor-widget-template\" data-id=\"c44238e\" data-element_type=\"widget\" data-widget_type=\"template.default\">\n<div class=\"elementor-widget-container\">\n<div class=\"elementor-template\">\n<div class=\"elementor elementor-206\" data-elementor-type=\"section\" data-elementor-id=\"206\" data-elementor-post-type=\"elementor_library\">\n<section id=\"collection\" class=\"elementor-section elementor-top-section elementor-element elementor-element-9e92767 elementor-section-boxed elementor-section-height-default elementor-section-height-default\" data-id=\"9e92767\" data-element_type=\"section\">\n<div class=\"elementor-container elementor-column-gap-default\">\n<div class=\"elementor-column elementor-col-50 elementor-top-column elementor-element elementor-element-60188e3d\" data-id=\"60188e3d\" data-element_type=\"column\">\n<div class=\"elementor-widget-wrap elementor-element-populated\">\n<div class=\"elementor-widget-container\">\n<h2>PLANETS<\/h2>\n<h4>Designer: Vrti\u0161ka&amp;\u017d\u00e1k<\/h4>\n<p>La collezione Planets si basa su luci d&#8217;epoca e riflette le esigenze quotidiane non solo dei clienti ma anche di architetti e designer. Grazie ad un semplice principio fisico, le luci possono essere posizionate in modo variabile in diverse disposizioni. L&#8217;uso di pesi e pulegge consente di regolare rapidamente l&#8217;altezza delle luci, un sistema unico che consente a diversi raggruppamenti di fungere da singole fonti di luce in un interno, o come multipli di tre forme diverse (o uguali) per illuminare spazi pi\u00f9 ampi. Il contrappeso \u00e8 calibrato con precisione in base al peso specifico della luce, quindi regolarlo \u00e8 facile e sicuro. Un pannello LED rotondo si trova sotto un paralume in vetro opaco, che nasconde le parti interne e preserva cos\u00ec la silhouette della luce. Anche i componenti metallici hanno una finitura opaca e sono abbinati ad un cordone tessile per un aspetto uniforme. Lo schema cromatico \u00e8 sempre monocromatico per sottolineare il carattere grafico delle luci, e i paralumi in vetro sono resi in forme geometriche elementari: sfera, cono e capsula.<\/p>\n<\/div>\n<\/div>\n<\/div>\n<\/div>\n<\/section>\n<\/div>\n<\/div>\n<\/div>\n<\/div>\n<\/div>\n<\/div>\n<\/div>\n<\/section>\n<\/div>\n<\/div>\n<p>&nbsp;<\/p>\n","protected":false},"featured_media":34969,"template":"","meta":{"_acf_changed":false},"product_brand":[],"product_cat":[15,190],"product_tag":[],"class_list":{"0":"post-34966","1":"product","2":"type-product","3":"status-publish","4":"has-post-thumbnail","6":"product_cat-tutti","7":"product_cat-illuminazione","8":"pa_brand-brokis","10":"first","11":"instock","12":"sale","13":"taxable","14":"shipping-taxable","15":"purchasable","16":"product-type-simple"},"acf":[],"yoast_head":"<!-- This site is optimized with the Yoast SEO plugin v27.1.1 - https:\/\/yoast.com\/product\/yoast-seo-wordpress\/ -->\n<title>BROKIS PLANETS 4 PC1237 - Casaglam<\/title>\n<meta name=\"description\" content=\"La collezione Planets si basa su luci d&#039;epoca e riflette le esigenze quotidiane non solo dei clienti ma anche di architetti e designer. Grazie ad un semplice principio fisico, le luci possono essere posizionate in modo variabile in diverse disposizioni. L&#039;uso di pesi e pulegge consente di regolare rapidamente l&#039;altezza delle luci, un sistema unico che consente a diversi raggruppamenti di fungere da singole fonti di luce in un interno, o come multipli di tre forme diverse (o uguali) per illuminare spazi pi\u00f9 ampi. Il contrappeso \u00e8 calibrato con precisione in base al peso specifico della luce, quindi regolarlo \u00e8 facile e sicuro. Un pannello LED rotondo si trova sotto un paralume in vetro opaco, che nasconde le parti interne e preserva cos\u00ec la silhouette della luce. Anche i componenti metallici hanno una finitura opaca e sono abbinati ad un cordone tessile per un aspetto uniforme. Lo schema cromatico \u00e8 sempre monocromatico per sottolineare il carattere grafico delle luci, e i paralumi in vetro sono resi in forme geometriche elementari: sfera, cono e capsula.\" \/>\n<meta name=\"robots\" content=\"index, follow, max-snippet:-1, max-image-preview:large, max-video-preview:-1\" \/>\n<link rel=\"canonical\" href=\"https:\/\/casaglam.eu\/it\/outlet\/brokis-planets-4-pc1237\/\" \/>\n<meta property=\"og:locale\" content=\"it_IT\" \/>\n<meta property=\"og:type\" content=\"article\" \/>\n<meta property=\"og:title\" content=\"BROKIS PLANETS 4 PC1237 - Casaglam\" \/>\n<meta property=\"og:description\" content=\"La collezione Planets si basa su luci d&#039;epoca e riflette le esigenze quotidiane non solo dei clienti ma anche di architetti e designer. Grazie ad un semplice principio fisico, le luci possono essere posizionate in modo variabile in diverse disposizioni. L&#039;uso di pesi e pulegge consente di regolare rapidamente l&#039;altezza delle luci, un sistema unico che consente a diversi raggruppamenti di fungere da singole fonti di luce in un interno, o come multipli di tre forme diverse (o uguali) per illuminare spazi pi\u00f9 ampi. Il contrappeso \u00e8 calibrato con precisione in base al peso specifico della luce, quindi regolarlo \u00e8 facile e sicuro. Un pannello LED rotondo si trova sotto un paralume in vetro opaco, che nasconde le parti interne e preserva cos\u00ec la silhouette della luce. Anche i componenti metallici hanno una finitura opaca e sono abbinati ad un cordone tessile per un aspetto uniforme. Lo schema cromatico \u00e8 sempre monocromatico per sottolineare il carattere grafico delle luci, e i paralumi in vetro sono resi in forme geometriche elementari: sfera, cono e capsula.\" \/>\n<meta property=\"og:url\" content=\"https:\/\/casaglam.eu\/it\/outlet\/brokis-planets-4-pc1237\/\" \/>\n<meta property=\"og:site_name\" content=\"Casaglam\" \/>\n<meta property=\"article:modified_time\" content=\"2025-01-22T14:55:19+00:00\" \/>\n<meta property=\"og:image\" content=\"https:\/\/casaglam.eu\/wp-content\/uploads\/2024\/12\/IMG_0018.jpeg\" \/>\n\t<meta property=\"og:image:width\" content=\"2048\" \/>\n\t<meta property=\"og:image:height\" content=\"1536\" \/>\n\t<meta property=\"og:image:type\" content=\"image\/jpeg\" \/>\n<meta name=\"twitter:card\" content=\"summary_large_image\" \/>\n<meta name=\"twitter:label1\" content=\"Tempo di lettura stimato\" \/>\n\t<meta name=\"twitter:data1\" content=\"1 minuto\" \/>\n<script type=\"application\/ld+json\" class=\"yoast-schema-graph\">{\"@context\":\"https:\/\/schema.org\",\"@graph\":[{\"@type\":\"WebPage\",\"@id\":\"https:\/\/casaglam.eu\/it\/outlet\/brokis-planets-4-pc1237\/\",\"url\":\"https:\/\/casaglam.eu\/it\/outlet\/brokis-planets-4-pc1237\/\",\"name\":\"BROKIS PLANETS 4 PC1237 - Casaglam\",\"isPartOf\":{\"@id\":\"https:\/\/casaglam.eu\/#website\"},\"primaryImageOfPage\":{\"@id\":\"https:\/\/casaglam.eu\/it\/outlet\/brokis-planets-4-pc1237\/#primaryimage\"},\"image\":{\"@id\":\"https:\/\/casaglam.eu\/it\/outlet\/brokis-planets-4-pc1237\/#primaryimage\"},\"thumbnailUrl\":\"https:\/\/casaglam.eu\/wp-content\/uploads\/2024\/12\/IMG_0018.jpeg\",\"datePublished\":\"2024-12-03T10:55:58+00:00\",\"dateModified\":\"2025-01-22T14:55:19+00:00\",\"description\":\"La collezione Planets si basa su luci d'epoca e riflette le esigenze quotidiane non solo dei clienti ma anche di architetti e designer. Grazie ad un semplice principio fisico, le luci possono essere posizionate in modo variabile in diverse disposizioni. L'uso di pesi e pulegge consente di regolare rapidamente l'altezza delle luci, un sistema unico che consente a diversi raggruppamenti di fungere da singole fonti di luce in un interno, o come multipli di tre forme diverse (o uguali) per illuminare spazi pi\u00f9 ampi. Il contrappeso \u00e8 calibrato con precisione in base al peso specifico della luce, quindi regolarlo \u00e8 facile e sicuro. Un pannello LED rotondo si trova sotto un paralume in vetro opaco, che nasconde le parti interne e preserva cos\u00ec la silhouette della luce. Anche i componenti metallici hanno una finitura opaca e sono abbinati ad un cordone tessile per un aspetto uniforme. Lo schema cromatico \u00e8 sempre monocromatico per sottolineare il carattere grafico delle luci, e i paralumi in vetro sono resi in forme geometriche elementari: sfera, cono e capsula.\",\"breadcrumb\":{\"@id\":\"https:\/\/casaglam.eu\/it\/outlet\/brokis-planets-4-pc1237\/#breadcrumb\"},\"inLanguage\":\"it-IT\",\"potentialAction\":[{\"@type\":\"ReadAction\",\"target\":[\"https:\/\/casaglam.eu\/it\/outlet\/brokis-planets-4-pc1237\/\"]}]},{\"@type\":\"ImageObject\",\"inLanguage\":\"it-IT\",\"@id\":\"https:\/\/casaglam.eu\/it\/outlet\/brokis-planets-4-pc1237\/#primaryimage\",\"url\":\"https:\/\/casaglam.eu\/wp-content\/uploads\/2024\/12\/IMG_0018.jpeg\",\"contentUrl\":\"https:\/\/casaglam.eu\/wp-content\/uploads\/2024\/12\/IMG_0018.jpeg\",\"width\":2048,\"height\":1536},{\"@type\":\"BreadcrumbList\",\"@id\":\"https:\/\/casaglam.eu\/it\/outlet\/brokis-planets-4-pc1237\/#breadcrumb\",\"itemListElement\":[{\"@type\":\"ListItem\",\"position\":1,\"name\":\"Home\",\"item\":\"https:\/\/casaglam.eu\/it\/\"},{\"@type\":\"ListItem\",\"position\":2,\"name\":\"Outlet\",\"item\":\"https:\/\/casaglam.eu\/it\/outlet\/\"},{\"@type\":\"ListItem\",\"position\":3,\"name\":\"BROKIS PLANETS 4 PC1237\"}]},{\"@type\":\"WebSite\",\"@id\":\"https:\/\/casaglam.eu\/#website\",\"url\":\"https:\/\/casaglam.eu\/\",\"name\":\"Casaglam\",\"description\":\"\",\"potentialAction\":[{\"@type\":\"SearchAction\",\"target\":{\"@type\":\"EntryPoint\",\"urlTemplate\":\"https:\/\/casaglam.eu\/?s={search_term_string}\"},\"query-input\":{\"@type\":\"PropertyValueSpecification\",\"valueRequired\":true,\"valueName\":\"search_term_string\"}}],\"inLanguage\":\"it-IT\"}]}<\/script>\n<!-- \/ Yoast SEO plugin. -->","yoast_head_json":{"title":"BROKIS PLANETS 4 PC1237 - Casaglam","description":"La collezione Planets si basa su luci d'epoca e riflette le esigenze quotidiane non solo dei clienti ma anche di architetti e designer. Grazie ad un semplice principio fisico, le luci possono essere posizionate in modo variabile in diverse disposizioni. L'uso di pesi e pulegge consente di regolare rapidamente l'altezza delle luci, un sistema unico che consente a diversi raggruppamenti di fungere da singole fonti di luce in un interno, o come multipli di tre forme diverse (o uguali) per illuminare spazi pi\u00f9 ampi. Il contrappeso \u00e8 calibrato con precisione in base al peso specifico della luce, quindi regolarlo \u00e8 facile e sicuro. Un pannello LED rotondo si trova sotto un paralume in vetro opaco, che nasconde le parti interne e preserva cos\u00ec la silhouette della luce. Anche i componenti metallici hanno una finitura opaca e sono abbinati ad un cordone tessile per un aspetto uniforme. Lo schema cromatico \u00e8 sempre monocromatico per sottolineare il carattere grafico delle luci, e i paralumi in vetro sono resi in forme geometriche elementari: sfera, cono e capsula.","robots":{"index":"index","follow":"follow","max-snippet":"max-snippet:-1","max-image-preview":"max-image-preview:large","max-video-preview":"max-video-preview:-1"},"canonical":"https:\/\/casaglam.eu\/it\/outlet\/brokis-planets-4-pc1237\/","og_locale":"it_IT","og_type":"article","og_title":"BROKIS PLANETS 4 PC1237 - Casaglam","og_description":"La collezione Planets si basa su luci d'epoca e riflette le esigenze quotidiane non solo dei clienti ma anche di architetti e designer. Grazie ad un semplice principio fisico, le luci possono essere posizionate in modo variabile in diverse disposizioni. L'uso di pesi e pulegge consente di regolare rapidamente l'altezza delle luci, un sistema unico che consente a diversi raggruppamenti di fungere da singole fonti di luce in un interno, o come multipli di tre forme diverse (o uguali) per illuminare spazi pi\u00f9 ampi. Il contrappeso \u00e8 calibrato con precisione in base al peso specifico della luce, quindi regolarlo \u00e8 facile e sicuro. Un pannello LED rotondo si trova sotto un paralume in vetro opaco, che nasconde le parti interne e preserva cos\u00ec la silhouette della luce. Anche i componenti metallici hanno una finitura opaca e sono abbinati ad un cordone tessile per un aspetto uniforme. Lo schema cromatico \u00e8 sempre monocromatico per sottolineare il carattere grafico delle luci, e i paralumi in vetro sono resi in forme geometriche elementari: sfera, cono e capsula.","og_url":"https:\/\/casaglam.eu\/it\/outlet\/brokis-planets-4-pc1237\/","og_site_name":"Casaglam","article_modified_time":"2025-01-22T14:55:19+00:00","og_image":[{"width":2048,"height":1536,"url":"https:\/\/casaglam.eu\/wp-content\/uploads\/2024\/12\/IMG_0018.jpeg","type":"image\/jpeg"}],"twitter_card":"summary_large_image","twitter_misc":{"Tempo di lettura stimato":"1 minuto"},"schema":{"@context":"https:\/\/schema.org","@graph":[{"@type":"WebPage","@id":"https:\/\/casaglam.eu\/it\/outlet\/brokis-planets-4-pc1237\/","url":"https:\/\/casaglam.eu\/it\/outlet\/brokis-planets-4-pc1237\/","name":"BROKIS PLANETS 4 PC1237 - Casaglam","isPartOf":{"@id":"https:\/\/casaglam.eu\/#website"},"primaryImageOfPage":{"@id":"https:\/\/casaglam.eu\/it\/outlet\/brokis-planets-4-pc1237\/#primaryimage"},"image":{"@id":"https:\/\/casaglam.eu\/it\/outlet\/brokis-planets-4-pc1237\/#primaryimage"},"thumbnailUrl":"https:\/\/casaglam.eu\/wp-content\/uploads\/2024\/12\/IMG_0018.jpeg","datePublished":"2024-12-03T10:55:58+00:00","dateModified":"2025-01-22T14:55:19+00:00","description":"La collezione Planets si basa su luci d'epoca e riflette le esigenze quotidiane non solo dei clienti ma anche di architetti e designer. Grazie ad un semplice principio fisico, le luci possono essere posizionate in modo variabile in diverse disposizioni. L'uso di pesi e pulegge consente di regolare rapidamente l'altezza delle luci, un sistema unico che consente a diversi raggruppamenti di fungere da singole fonti di luce in un interno, o come multipli di tre forme diverse (o uguali) per illuminare spazi pi\u00f9 ampi. Il contrappeso \u00e8 calibrato con precisione in base al peso specifico della luce, quindi regolarlo \u00e8 facile e sicuro. Un pannello LED rotondo si trova sotto un paralume in vetro opaco, che nasconde le parti interne e preserva cos\u00ec la silhouette della luce. Anche i componenti metallici hanno una finitura opaca e sono abbinati ad un cordone tessile per un aspetto uniforme. Lo schema cromatico \u00e8 sempre monocromatico per sottolineare il carattere grafico delle luci, e i paralumi in vetro sono resi in forme geometriche elementari: sfera, cono e capsula.","breadcrumb":{"@id":"https:\/\/casaglam.eu\/it\/outlet\/brokis-planets-4-pc1237\/#breadcrumb"},"inLanguage":"it-IT","potentialAction":[{"@type":"ReadAction","target":["https:\/\/casaglam.eu\/it\/outlet\/brokis-planets-4-pc1237\/"]}]},{"@type":"ImageObject","inLanguage":"it-IT","@id":"https:\/\/casaglam.eu\/it\/outlet\/brokis-planets-4-pc1237\/#primaryimage","url":"https:\/\/casaglam.eu\/wp-content\/uploads\/2024\/12\/IMG_0018.jpeg","contentUrl":"https:\/\/casaglam.eu\/wp-content\/uploads\/2024\/12\/IMG_0018.jpeg","width":2048,"height":1536},{"@type":"BreadcrumbList","@id":"https:\/\/casaglam.eu\/it\/outlet\/brokis-planets-4-pc1237\/#breadcrumb","itemListElement":[{"@type":"ListItem","position":1,"name":"Home","item":"https:\/\/casaglam.eu\/it\/"},{"@type":"ListItem","position":2,"name":"Outlet","item":"https:\/\/casaglam.eu\/it\/outlet\/"},{"@type":"ListItem","position":3,"name":"BROKIS PLANETS 4 PC1237"}]},{"@type":"WebSite","@id":"https:\/\/casaglam.eu\/#website","url":"https:\/\/casaglam.eu\/","name":"Casaglam","description":"","potentialAction":[{"@type":"SearchAction","target":{"@type":"EntryPoint","urlTemplate":"https:\/\/casaglam.eu\/?s={search_term_string}"},"query-input":{"@type":"PropertyValueSpecification","valueRequired":true,"valueName":"search_term_string"}}],"inLanguage":"it-IT"}]}},"_links":{"self":[{"href":"https:\/\/casaglam.eu\/it\/wp-json\/wp\/v2\/product\/34966","targetHints":{"allow":["GET"]}}],"collection":[{"href":"https:\/\/casaglam.eu\/it\/wp-json\/wp\/v2\/product"}],"about":[{"href":"https:\/\/casaglam.eu\/it\/wp-json\/wp\/v2\/types\/product"}],"wp:featuredmedia":[{"embeddable":true,"href":"https:\/\/casaglam.eu\/it\/wp-json\/wp\/v2\/media\/34969"}],"wp:attachment":[{"href":"https:\/\/casaglam.eu\/it\/wp-json\/wp\/v2\/media?parent=34966"}],"wp:term":[{"taxonomy":"product_brand","embeddable":true,"href":"https:\/\/casaglam.eu\/it\/wp-json\/wp\/v2\/product_brand?post=34966"},{"taxonomy":"product_cat","embeddable":true,"href":"https:\/\/casaglam.eu\/it\/wp-json\/wp\/v2\/product_cat?post=34966"},{"taxonomy":"product_tag","embeddable":true,"href":"https:\/\/casaglam.eu\/it\/wp-json\/wp\/v2\/product_tag?post=34966"}],"curies":[{"name":"wp","href":"https:\/\/api.w.org\/{rel}","templated":true}]}}