{"id":34968,"date":"2024-12-03T11:55:58","date_gmt":"2024-12-03T10:56:00","guid":{"rendered":"https:\/\/casaglam.eu\/?post_type=product&#038;p=34968"},"modified":"2025-01-22T15:55:12","modified_gmt":"2025-01-22T14:55:12","slug":"%d0%b1%d0%be%d0%bb%d1%8c%d1%88%d0%b0%d1%8f-%d0%bf%d0%be%d1%80%d1%82%d0%b0%d1%82%d0%b8%d0%b2%d0%bd%d0%b0%d1%8f-%d0%bd%d0%b0%d1%81%d1%82%d0%be%d0%bb%d1%8c%d0%bd%d0%b0%d1%8f-%d0%bb%d0%b0%d0%bc%d0%bf-2","status":"publish","type":"product","link":"https:\/\/casaglam.eu\/ru\/outlet\/%d0%b1%d0%be%d0%bb%d1%8c%d1%88%d0%b0%d1%8f-%d0%bf%d0%be%d1%80%d1%82%d0%b0%d1%82%d0%b8%d0%b2%d0%bd%d0%b0%d1%8f-%d0%bd%d0%b0%d1%81%d1%82%d0%be%d0%bb%d1%8c%d0%bd%d0%b0%d1%8f-%d0%bb%d0%b0%d0%bc%d0%bf-2\/","title":{"rendered":"BROKIS PLANETS 4 PC1237"},"content":{"rendered":"<p>\u0420\u0430\u0437\u043c\u0435\u0440\u044b: \u0412 125 \u0445 \u0428 205 \u0441\u043c.<\/p>\n<p>\u0426\u0432\u0435\u0442 \u0441\u0442\u0435\u043a\u043b\u0430: \u0434\u044b\u043c\u0447\u0430\u0442\u043e-\u0441\u0435\u0440\u044b\u0439.<\/p>\n<p>\u0421\u0442\u0435\u043a\u043b\u044f\u043d\u043d\u0430\u044f \u043f\u043e\u0432\u0435\u0440\u0445\u043d\u043e\u0441\u0442\u044c: \u0442\u0440\u0430\u0432\u043b\u0435\u043d\u0430\u044f \u043f\u043e\u0432\u0435\u0440\u0445\u043d\u043e\u0441\u0442\u044c \u0441 \u043e\u0431\u0435\u0438\u0445 \u0441\u0442\u043e\u0440\u043e\u043d.<\/p>\n<p>\u041e\u0442\u0434\u0435\u043b\u043a\u0430 \u043a\u043e\u0440\u043f\u0443\u0441\u0430: \u041c\u0435\u0442\u0430\u043b\u043b \u2014 \u043c\u0430\u0442\u043e\u0432\u043e\u0435 \u0447\u0435\u0440\u043d\u043e\u0435 \u043f\u043e\u0440\u043e\u0448\u043a\u043e\u0432\u043e\u0435 \u043f\u043e\u043a\u0440\u044b\u0442\u0438\u0435 \u0441 \u0442\u0435\u043a\u0441\u0442\u0443\u0440\u043e\u0439<\/p>\n<p>\u041e\u0442\u0434\u0435\u043b\u043a\u0430 \u043d\u0430\u0432\u0435\u0441\u0430: \u041c\u0435\u0442\u0430\u043b\u043b \u2014 \u043c\u0430\u0442\u043e\u0432\u043e\u0435 \u0447\u0435\u0440\u043d\u043e\u0435 \u043f\u043e\u0440\u043e\u0448\u043a\u043e\u0432\u043e\u0435 \u043f\u043e\u043a\u0440\u044b\u0442\u0438\u0435 \u0441 \u0442\u0435\u043a\u0441\u0442\u0443\u0440\u043e\u0439<\/p>\n<p>\u0426\u0432\u0435\u0442 \u043a\u0430\u0431\u0435\u043b\u044f: \u0442\u0435\u043a\u0441\u0442\u0438\u043b\u044c\u043d\u044b\u0439 \u043a\u0430\u0431\u0435\u043b\u044c &#8212; \u0447\u0435\u0440\u043d\u044b\u0439<\/p>\n<p>DIM, 24 \u0412, \u0441\u0432\u0435\u0442\u043e\u0434\u0438\u043e\u0434, 19,7 \u0412\u0442, \u0441\u0432\u0435\u0442\u043e\u0434\u0438\u043e\u0434\u043d\u044b\u0439 \u0438\u0441\u0442\u043e\u0447\u043d\u0438\u043a 2700 \u041a, \u0432\u0435\u0440\u0441\u0438\u044f \u0431\u0435\u0437 \u0440\u0435\u0433\u0443\u043b\u0438\u0440\u043e\u0432\u043a\u0438 \u044f\u0440\u043a\u043e\u0441\u0442\u0438<\/p>\n<p>\u043e\u0431\u0449\u0430\u044f \u0434\u043b\u0438\u043d\u0430 \u043a\u043e\u043d\u0443\u0441\u0430 \u043f\u043e\u0434\u0432\u0435\u0441\u043a\u0438: 1559 \u043c\u043c<\/p>\n<p>\u043e\u0431\u0449\u0430\u044f \u0434\u043b\u0438\u043d\u0430 \u043f\u043e\u0434\u0432\u0435\u0441\u043d\u043e\u0433\u043e \u0448\u0430\u0440\u0430: 1554 \u043c\u043c<\/p>\n<p>\u043e\u0431\u0449\u0430\u044f \u0434\u043b\u0438\u043d\u0430 \u043a\u0430\u043f\u0441\u0443\u043b\u044b \u043f\u043e\u0434\u0432\u0435\u0441\u043a\u0438: 1716 \u043c\u043c.<\/p>\n<p>\u043e\u0431\u0449\u0430\u044f \u0434\u043b\u0438\u043d\u0430 \u043a\u043e\u043d\u0443\u0441\u0430 \u043f\u043e\u0434\u0432\u0435\u0441\u043a\u0438: 1559 \u043c\u043c<\/p>\n","protected":false},"excerpt":{"rendered":"<div class=\"elementor elementor-10 elementor-location-header\" data-elementor-type=\"header\" data-elementor-id=\"10\" data-elementor-post-type=\"elementor_library\">\n<section class=\"elementor-section elementor-top-section elementor-element elementor-element-66865dd elementor-section-boxed elementor-section-height-default elementor-section-height-default elementor-sticky elementor-sticky--active elementor-section--handles-inside elementor-sticky--effects\" data-id=\"66865dd\" data-element_type=\"section\" data-settings=\"{&quot;background_background&quot;:&quot;classic&quot;,&quot;sticky&quot;:&quot;top&quot;,&quot;sticky_on&quot;:[&quot;desktop&quot;,&quot;tablet&quot;],&quot;sticky_offset&quot;:0,&quot;sticky_effects_offset&quot;:0}\">\n<div class=\"elementor-container elementor-column-gap-no\">\n<div class=\"elementor-column elementor-col-100 elementor-top-column elementor-element elementor-element-57c790e\" data-id=\"57c790e\" data-element_type=\"column\">\n<div class=\"elementor-widget-wrap elementor-element-populated\">\n<section class=\"elementor-section elementor-inner-section elementor-element elementor-element-7768a28 elementor-section-boxed elementor-section-height-default elementor-section-height-default\" data-id=\"7768a28\" data-element_type=\"section\">\n<div class=\"elementor-container elementor-column-gap-default\">\n<div class=\"elementor-column elementor-col-50 elementor-inner-column elementor-element elementor-element-bb84a13\" data-id=\"bb84a13\" data-element_type=\"column\">\n<div class=\"elementor-widget-wrap elementor-element-populated\">\n<div class=\"elementor-element elementor-element-57da4fe elementor-widget elementor-widget-theme-site-logo elementor-widget-image\" data-id=\"57da4fe\" data-element_type=\"widget\" data-widget_type=\"theme-site-logo.default\">\n<div class=\"elementor-widget-container\">PLANETS<br \/>\nDesigner: Vrti\u0161ka&amp;\u017d\u00e1k<br \/>\nThe Planets collection is based on period lights and reflects the daily needs of not only customers but also architects and designers. Thanks to a simple physical principle, the lights can be variably positioned in different arrangements. The use of weights and pulleys allows you to quickly adjust the height of the lights, a unique system that allows different groupings to act as single light sources in an interior, or as multiples of three different (or same) shapes to illuminate spaces wider. The counterweight is precisely calibrated to the specific weight of the light, so adjusting it is easy and safe. A round LED panel sits under a matte glass lampshade, which hides the internal parts and thus preserves the silhouette of the light. The metal components also have a matte finish and are combined with a textile cord for a uniform appearance. The color scheme is always monochromatic to underline the graphic character of the lights, and the glass lampshades are rendered in elementary geometric shapes: sphere, cone and capsule.<\/div>\n<\/div>\n<\/div>\n<\/div>\n<\/div>\n<\/section>\n<\/div>\n<\/div>\n<\/div>\n<\/section>\n<\/div>\n<div class=\"page-content\">\n<div class=\"elementor elementor-1803\" data-elementor-type=\"wp-post\" data-elementor-id=\"1803\" data-elementor-post-type=\"brokis-collections\">\n<section class=\"elementor-section elementor-top-section elementor-element elementor-element-d1898f0 elementor-section-full_width elementor-section-height-default elementor-section-height-default\" data-id=\"d1898f0\" data-element_type=\"section\">\n<div class=\"elementor-container elementor-column-gap-no\">\n<div class=\"elementor-column elementor-col-100 elementor-top-column elementor-element elementor-element-2fed77a\" data-id=\"2fed77a\" data-element_type=\"column\">\n<div class=\"elementor-widget-wrap elementor-element-populated\">\n<div class=\"elementor-element elementor-element-c44238e elementor-widget elementor-widget-template\" data-id=\"c44238e\" data-element_type=\"widget\" data-widget_type=\"template.default\">\n<div class=\"elementor-widget-container\">\n<div class=\"elementor-template\">\n<div class=\"elementor elementor-206\" data-elementor-type=\"section\" data-elementor-id=\"206\" data-elementor-post-type=\"elementor_library\">\n<section id=\"collection\" class=\"elementor-section elementor-top-section elementor-element elementor-element-9e92767 elementor-section-boxed elementor-section-height-default elementor-section-height-default\" data-id=\"9e92767\" data-element_type=\"section\">\n<div class=\"elementor-container elementor-column-gap-default\">\n<div class=\"elementor-column elementor-col-50 elementor-top-column elementor-element elementor-element-60188e3d\" data-id=\"60188e3d\" data-element_type=\"column\">\n<div class=\"elementor-widget-wrap elementor-element-populated\">\n<section class=\"elementor-section elementor-inner-section elementor-element elementor-element-1e795d9e elementor-section-boxed elementor-section-height-default elementor-section-height-default\" data-id=\"1e795d9e\" data-element_type=\"section\">\n<div class=\"elementor-container elementor-column-gap-no\">\n<div class=\"elementor-column elementor-col-50 elementor-inner-column elementor-element elementor-element-55417598\" data-id=\"55417598\" data-element_type=\"column\">\n<div class=\"elementor-widget-wrap elementor-element-populated\">\n<div class=\"elementor-element elementor-element-3aa2915e elementor-widget elementor-widget-text-editor\" data-id=\"3aa2915e\" data-element_type=\"widget\" data-widget_type=\"text-editor.default\">\n<p>&nbsp;<\/p>\n<\/div>\n<\/div>\n<\/div>\n<\/div>\n<\/section>\n<\/div>\n<\/div>\n<\/div>\n<\/section>\n<\/div>\n<\/div>\n<\/div>\n<\/div>\n<\/div>\n<\/div>\n<\/div>\n<\/section>\n<\/div>\n<\/div>\n","protected":false},"featured_media":34971,"template":"","meta":{"_acf_changed":false},"product_brand":[],"product_cat":[668,671],"product_tag":[],"class_list":{"0":"post-34968","1":"product","2":"type-product","3":"status-publish","4":"has-post-thumbnail","6":"product_cat-668","7":"product_cat-671","8":"pa_brand-brokis","10":"first","11":"instock","12":"sale","13":"taxable","14":"shipping-taxable","15":"purchasable","16":"product-type-simple"},"acf":[],"yoast_head":"<!-- This site is optimized with the Yoast SEO plugin v27.1.1 - https:\/\/yoast.com\/product\/yoast-seo-wordpress\/ -->\n<title>BROKIS PLANETS 4 PC1237 - Casaglam<\/title>\n<meta name=\"robots\" content=\"index, follow, max-snippet:-1, max-image-preview:large, max-video-preview:-1\" \/>\n<link rel=\"canonical\" href=\"https:\/\/casaglam.eu\/ru\/outlet\/\u0431\u043e\u043b\u044c\u0448\u0430\u044f-\u043f\u043e\u0440\u0442\u0430\u0442\u0438\u0432\u043d\u0430\u044f-\u043d\u0430\u0441\u0442\u043e\u043b\u044c\u043d\u0430\u044f-\u043b\u0430\u043c\u043f-2\/\" \/>\n<meta property=\"og:locale\" content=\"ru_RU\" \/>\n<meta property=\"og:type\" content=\"article\" \/>\n<meta property=\"og:title\" content=\"BROKIS PLANETS 4 PC1237 - Casaglam\" \/>\n<meta property=\"og:description\" content=\"PLANETS Designer: Vrti\u0161ka&amp;\u017d\u00e1k The Planets collection is based on period lights and reflects the daily needs of not only customers but also architects and designers. Thanks to a simple physical principle, the lights can be variably positioned in different arrangements. The use of weights and pulleys allows you to quickly adjust the height of the lights, a unique system that allows different groupings to act as single light sources in an interior, or as multiples of three different (or same) shapes to illuminate spaces wider. The counterweight is precisely calibrated to the specific weight of the light, so adjusting it is easy and safe. A round LED panel sits under a matte glass lampshade, which hides the internal parts and thus preserves the silhouette of the light. The metal components also have a matte finish and are combined with a textile cord for a uniform appearance. The color scheme is always monochromatic to underline the graphic character of the lights, and the glass lampshades are rendered in elementary geometric shapes: sphere, cone and capsule.                          &nbsp;\" \/>\n<meta property=\"og:url\" content=\"https:\/\/casaglam.eu\/ru\/outlet\/\u0431\u043e\u043b\u044c\u0448\u0430\u044f-\u043f\u043e\u0440\u0442\u0430\u0442\u0438\u0432\u043d\u0430\u044f-\u043d\u0430\u0441\u0442\u043e\u043b\u044c\u043d\u0430\u044f-\u043b\u0430\u043c\u043f-2\/\" \/>\n<meta property=\"og:site_name\" content=\"Casaglam\" \/>\n<meta property=\"article:modified_time\" content=\"2025-01-22T14:55:12+00:00\" \/>\n<meta property=\"og:image\" content=\"https:\/\/casaglam.eu\/wp-content\/uploads\/2024\/12\/IMG_0018.jpeg\" \/>\n\t<meta property=\"og:image:width\" content=\"2048\" \/>\n\t<meta property=\"og:image:height\" content=\"1536\" \/>\n\t<meta property=\"og:image:type\" content=\"image\/jpeg\" \/>\n<meta name=\"twitter:card\" content=\"summary_large_image\" \/>\n<script type=\"application\/ld+json\" class=\"yoast-schema-graph\">{\"@context\":\"https:\/\/schema.org\",\"@graph\":[{\"@type\":\"WebPage\",\"@id\":\"https:\/\/casaglam.eu\/ru\/outlet\/%d0%b1%d0%be%d0%bb%d1%8c%d1%88%d0%b0%d1%8f-%d0%bf%d0%be%d1%80%d1%82%d0%b0%d1%82%d0%b8%d0%b2%d0%bd%d0%b0%d1%8f-%d0%bd%d0%b0%d1%81%d1%82%d0%be%d0%bb%d1%8c%d0%bd%d0%b0%d1%8f-%d0%bb%d0%b0%d0%bc%d0%bf-2\/\",\"url\":\"https:\/\/casaglam.eu\/ru\/outlet\/%d0%b1%d0%be%d0%bb%d1%8c%d1%88%d0%b0%d1%8f-%d0%bf%d0%be%d1%80%d1%82%d0%b0%d1%82%d0%b8%d0%b2%d0%bd%d0%b0%d1%8f-%d0%bd%d0%b0%d1%81%d1%82%d0%be%d0%bb%d1%8c%d0%bd%d0%b0%d1%8f-%d0%bb%d0%b0%d0%bc%d0%bf-2\/\",\"name\":\"BROKIS PLANETS 4 PC1237 - Casaglam\",\"isPartOf\":{\"@id\":\"https:\/\/casaglam.eu\/#website\"},\"primaryImageOfPage\":{\"@id\":\"https:\/\/casaglam.eu\/ru\/outlet\/%d0%b1%d0%be%d0%bb%d1%8c%d1%88%d0%b0%d1%8f-%d0%bf%d0%be%d1%80%d1%82%d0%b0%d1%82%d0%b8%d0%b2%d0%bd%d0%b0%d1%8f-%d0%bd%d0%b0%d1%81%d1%82%d0%be%d0%bb%d1%8c%d0%bd%d0%b0%d1%8f-%d0%bb%d0%b0%d0%bc%d0%bf-2\/#primaryimage\"},\"image\":{\"@id\":\"https:\/\/casaglam.eu\/ru\/outlet\/%d0%b1%d0%be%d0%bb%d1%8c%d1%88%d0%b0%d1%8f-%d0%bf%d0%be%d1%80%d1%82%d0%b0%d1%82%d0%b8%d0%b2%d0%bd%d0%b0%d1%8f-%d0%bd%d0%b0%d1%81%d1%82%d0%be%d0%bb%d1%8c%d0%bd%d0%b0%d1%8f-%d0%bb%d0%b0%d0%bc%d0%bf-2\/#primaryimage\"},\"thumbnailUrl\":\"https:\/\/casaglam.eu\/wp-content\/uploads\/2024\/12\/IMG_0018.jpeg\",\"datePublished\":\"2024-12-03T10:56:00+00:00\",\"dateModified\":\"2025-01-22T14:55:12+00:00\",\"breadcrumb\":{\"@id\":\"https:\/\/casaglam.eu\/ru\/outlet\/%d0%b1%d0%be%d0%bb%d1%8c%d1%88%d0%b0%d1%8f-%d0%bf%d0%be%d1%80%d1%82%d0%b0%d1%82%d0%b8%d0%b2%d0%bd%d0%b0%d1%8f-%d0%bd%d0%b0%d1%81%d1%82%d0%be%d0%bb%d1%8c%d0%bd%d0%b0%d1%8f-%d0%bb%d0%b0%d0%bc%d0%bf-2\/#breadcrumb\"},\"inLanguage\":\"ru-RU\",\"potentialAction\":[{\"@type\":\"ReadAction\",\"target\":[\"https:\/\/casaglam.eu\/ru\/outlet\/%d0%b1%d0%be%d0%bb%d1%8c%d1%88%d0%b0%d1%8f-%d0%bf%d0%be%d1%80%d1%82%d0%b0%d1%82%d0%b8%d0%b2%d0%bd%d0%b0%d1%8f-%d0%bd%d0%b0%d1%81%d1%82%d0%be%d0%bb%d1%8c%d0%bd%d0%b0%d1%8f-%d0%bb%d0%b0%d0%bc%d0%bf-2\/\"]}]},{\"@type\":\"ImageObject\",\"inLanguage\":\"ru-RU\",\"@id\":\"https:\/\/casaglam.eu\/ru\/outlet\/%d0%b1%d0%be%d0%bb%d1%8c%d1%88%d0%b0%d1%8f-%d0%bf%d0%be%d1%80%d1%82%d0%b0%d1%82%d0%b8%d0%b2%d0%bd%d0%b0%d1%8f-%d0%bd%d0%b0%d1%81%d1%82%d0%be%d0%bb%d1%8c%d0%bd%d0%b0%d1%8f-%d0%bb%d0%b0%d0%bc%d0%bf-2\/#primaryimage\",\"url\":\"https:\/\/casaglam.eu\/wp-content\/uploads\/2024\/12\/IMG_0018.jpeg\",\"contentUrl\":\"https:\/\/casaglam.eu\/wp-content\/uploads\/2024\/12\/IMG_0018.jpeg\",\"width\":2048,\"height\":1536},{\"@type\":\"BreadcrumbList\",\"@id\":\"https:\/\/casaglam.eu\/ru\/outlet\/%d0%b1%d0%be%d0%bb%d1%8c%d1%88%d0%b0%d1%8f-%d0%bf%d0%be%d1%80%d1%82%d0%b0%d1%82%d0%b8%d0%b2%d0%bd%d0%b0%d1%8f-%d0%bd%d0%b0%d1%81%d1%82%d0%be%d0%bb%d1%8c%d0%bd%d0%b0%d1%8f-%d0%bb%d0%b0%d0%bc%d0%bf-2\/#breadcrumb\",\"itemListElement\":[{\"@type\":\"ListItem\",\"position\":1,\"name\":\"Home\",\"item\":\"https:\/\/casaglam.eu\/ru\/\"},{\"@type\":\"ListItem\",\"position\":2,\"name\":\"\u0412\u042b\u0425\u041e\u0414\",\"item\":\"https:\/\/casaglam.eu\/ru\/outlet\/\"},{\"@type\":\"ListItem\",\"position\":3,\"name\":\"BROKIS PLANETS 4 PC1237\"}]},{\"@type\":\"WebSite\",\"@id\":\"https:\/\/casaglam.eu\/#website\",\"url\":\"https:\/\/casaglam.eu\/\",\"name\":\"Casaglam\",\"description\":\"\",\"potentialAction\":[{\"@type\":\"SearchAction\",\"target\":{\"@type\":\"EntryPoint\",\"urlTemplate\":\"https:\/\/casaglam.eu\/?s={search_term_string}\"},\"query-input\":{\"@type\":\"PropertyValueSpecification\",\"valueRequired\":true,\"valueName\":\"search_term_string\"}}],\"inLanguage\":\"ru-RU\"}]}<\/script>\n<!-- \/ Yoast SEO plugin. -->","yoast_head_json":{"title":"BROKIS PLANETS 4 PC1237 - Casaglam","robots":{"index":"index","follow":"follow","max-snippet":"max-snippet:-1","max-image-preview":"max-image-preview:large","max-video-preview":"max-video-preview:-1"},"canonical":"https:\/\/casaglam.eu\/ru\/outlet\/\u0431\u043e\u043b\u044c\u0448\u0430\u044f-\u043f\u043e\u0440\u0442\u0430\u0442\u0438\u0432\u043d\u0430\u044f-\u043d\u0430\u0441\u0442\u043e\u043b\u044c\u043d\u0430\u044f-\u043b\u0430\u043c\u043f-2\/","og_locale":"ru_RU","og_type":"article","og_title":"BROKIS PLANETS 4 PC1237 - Casaglam","og_description":"PLANETS Designer: Vrti\u0161ka&amp;\u017d\u00e1k The Planets collection is based on period lights and reflects the daily needs of not only customers but also architects and designers. Thanks to a simple physical principle, the lights can be variably positioned in different arrangements. The use of weights and pulleys allows you to quickly adjust the height of the lights, a unique system that allows different groupings to act as single light sources in an interior, or as multiples of three different (or same) shapes to illuminate spaces wider. The counterweight is precisely calibrated to the specific weight of the light, so adjusting it is easy and safe. A round LED panel sits under a matte glass lampshade, which hides the internal parts and thus preserves the silhouette of the light. The metal components also have a matte finish and are combined with a textile cord for a uniform appearance. The color scheme is always monochromatic to underline the graphic character of the lights, and the glass lampshades are rendered in elementary geometric shapes: sphere, cone and capsule.                          &nbsp;","og_url":"https:\/\/casaglam.eu\/ru\/outlet\/\u0431\u043e\u043b\u044c\u0448\u0430\u044f-\u043f\u043e\u0440\u0442\u0430\u0442\u0438\u0432\u043d\u0430\u044f-\u043d\u0430\u0441\u0442\u043e\u043b\u044c\u043d\u0430\u044f-\u043b\u0430\u043c\u043f-2\/","og_site_name":"Casaglam","article_modified_time":"2025-01-22T14:55:12+00:00","og_image":[{"width":2048,"height":1536,"url":"https:\/\/casaglam.eu\/wp-content\/uploads\/2024\/12\/IMG_0018.jpeg","type":"image\/jpeg"}],"twitter_card":"summary_large_image","schema":{"@context":"https:\/\/schema.org","@graph":[{"@type":"WebPage","@id":"https:\/\/casaglam.eu\/ru\/outlet\/%d0%b1%d0%be%d0%bb%d1%8c%d1%88%d0%b0%d1%8f-%d0%bf%d0%be%d1%80%d1%82%d0%b0%d1%82%d0%b8%d0%b2%d0%bd%d0%b0%d1%8f-%d0%bd%d0%b0%d1%81%d1%82%d0%be%d0%bb%d1%8c%d0%bd%d0%b0%d1%8f-%d0%bb%d0%b0%d0%bc%d0%bf-2\/","url":"https:\/\/casaglam.eu\/ru\/outlet\/%d0%b1%d0%be%d0%bb%d1%8c%d1%88%d0%b0%d1%8f-%d0%bf%d0%be%d1%80%d1%82%d0%b0%d1%82%d0%b8%d0%b2%d0%bd%d0%b0%d1%8f-%d0%bd%d0%b0%d1%81%d1%82%d0%be%d0%bb%d1%8c%d0%bd%d0%b0%d1%8f-%d0%bb%d0%b0%d0%bc%d0%bf-2\/","name":"BROKIS PLANETS 4 PC1237 - Casaglam","isPartOf":{"@id":"https:\/\/casaglam.eu\/#website"},"primaryImageOfPage":{"@id":"https:\/\/casaglam.eu\/ru\/outlet\/%d0%b1%d0%be%d0%bb%d1%8c%d1%88%d0%b0%d1%8f-%d0%bf%d0%be%d1%80%d1%82%d0%b0%d1%82%d0%b8%d0%b2%d0%bd%d0%b0%d1%8f-%d0%bd%d0%b0%d1%81%d1%82%d0%be%d0%bb%d1%8c%d0%bd%d0%b0%d1%8f-%d0%bb%d0%b0%d0%bc%d0%bf-2\/#primaryimage"},"image":{"@id":"https:\/\/casaglam.eu\/ru\/outlet\/%d0%b1%d0%be%d0%bb%d1%8c%d1%88%d0%b0%d1%8f-%d0%bf%d0%be%d1%80%d1%82%d0%b0%d1%82%d0%b8%d0%b2%d0%bd%d0%b0%d1%8f-%d0%bd%d0%b0%d1%81%d1%82%d0%be%d0%bb%d1%8c%d0%bd%d0%b0%d1%8f-%d0%bb%d0%b0%d0%bc%d0%bf-2\/#primaryimage"},"thumbnailUrl":"https:\/\/casaglam.eu\/wp-content\/uploads\/2024\/12\/IMG_0018.jpeg","datePublished":"2024-12-03T10:56:00+00:00","dateModified":"2025-01-22T14:55:12+00:00","breadcrumb":{"@id":"https:\/\/casaglam.eu\/ru\/outlet\/%d0%b1%d0%be%d0%bb%d1%8c%d1%88%d0%b0%d1%8f-%d0%bf%d0%be%d1%80%d1%82%d0%b0%d1%82%d0%b8%d0%b2%d0%bd%d0%b0%d1%8f-%d0%bd%d0%b0%d1%81%d1%82%d0%be%d0%bb%d1%8c%d0%bd%d0%b0%d1%8f-%d0%bb%d0%b0%d0%bc%d0%bf-2\/#breadcrumb"},"inLanguage":"ru-RU","potentialAction":[{"@type":"ReadAction","target":["https:\/\/casaglam.eu\/ru\/outlet\/%d0%b1%d0%be%d0%bb%d1%8c%d1%88%d0%b0%d1%8f-%d0%bf%d0%be%d1%80%d1%82%d0%b0%d1%82%d0%b8%d0%b2%d0%bd%d0%b0%d1%8f-%d0%bd%d0%b0%d1%81%d1%82%d0%be%d0%bb%d1%8c%d0%bd%d0%b0%d1%8f-%d0%bb%d0%b0%d0%bc%d0%bf-2\/"]}]},{"@type":"ImageObject","inLanguage":"ru-RU","@id":"https:\/\/casaglam.eu\/ru\/outlet\/%d0%b1%d0%be%d0%bb%d1%8c%d1%88%d0%b0%d1%8f-%d0%bf%d0%be%d1%80%d1%82%d0%b0%d1%82%d0%b8%d0%b2%d0%bd%d0%b0%d1%8f-%d0%bd%d0%b0%d1%81%d1%82%d0%be%d0%bb%d1%8c%d0%bd%d0%b0%d1%8f-%d0%bb%d0%b0%d0%bc%d0%bf-2\/#primaryimage","url":"https:\/\/casaglam.eu\/wp-content\/uploads\/2024\/12\/IMG_0018.jpeg","contentUrl":"https:\/\/casaglam.eu\/wp-content\/uploads\/2024\/12\/IMG_0018.jpeg","width":2048,"height":1536},{"@type":"BreadcrumbList","@id":"https:\/\/casaglam.eu\/ru\/outlet\/%d0%b1%d0%be%d0%bb%d1%8c%d1%88%d0%b0%d1%8f-%d0%bf%d0%be%d1%80%d1%82%d0%b0%d1%82%d0%b8%d0%b2%d0%bd%d0%b0%d1%8f-%d0%bd%d0%b0%d1%81%d1%82%d0%be%d0%bb%d1%8c%d0%bd%d0%b0%d1%8f-%d0%bb%d0%b0%d0%bc%d0%bf-2\/#breadcrumb","itemListElement":[{"@type":"ListItem","position":1,"name":"Home","item":"https:\/\/casaglam.eu\/ru\/"},{"@type":"ListItem","position":2,"name":"\u0412\u042b\u0425\u041e\u0414","item":"https:\/\/casaglam.eu\/ru\/outlet\/"},{"@type":"ListItem","position":3,"name":"BROKIS PLANETS 4 PC1237"}]},{"@type":"WebSite","@id":"https:\/\/casaglam.eu\/#website","url":"https:\/\/casaglam.eu\/","name":"Casaglam","description":"","potentialAction":[{"@type":"SearchAction","target":{"@type":"EntryPoint","urlTemplate":"https:\/\/casaglam.eu\/?s={search_term_string}"},"query-input":{"@type":"PropertyValueSpecification","valueRequired":true,"valueName":"search_term_string"}}],"inLanguage":"ru-RU"}]}},"_links":{"self":[{"href":"https:\/\/casaglam.eu\/ru\/wp-json\/wp\/v2\/product\/34968","targetHints":{"allow":["GET"]}}],"collection":[{"href":"https:\/\/casaglam.eu\/ru\/wp-json\/wp\/v2\/product"}],"about":[{"href":"https:\/\/casaglam.eu\/ru\/wp-json\/wp\/v2\/types\/product"}],"wp:featuredmedia":[{"embeddable":true,"href":"https:\/\/casaglam.eu\/ru\/wp-json\/wp\/v2\/media\/34971"}],"wp:attachment":[{"href":"https:\/\/casaglam.eu\/ru\/wp-json\/wp\/v2\/media?parent=34968"}],"wp:term":[{"taxonomy":"product_brand","embeddable":true,"href":"https:\/\/casaglam.eu\/ru\/wp-json\/wp\/v2\/product_brand?post=34968"},{"taxonomy":"product_cat","embeddable":true,"href":"https:\/\/casaglam.eu\/ru\/wp-json\/wp\/v2\/product_cat?post=34968"},{"taxonomy":"product_tag","embeddable":true,"href":"https:\/\/casaglam.eu\/ru\/wp-json\/wp\/v2\/product_tag?post=34968"}],"curies":[{"name":"wp","href":"https:\/\/api.w.org\/{rel}","templated":true}]}}